{"id":3698,"date":"2023-04-10T14:04:16","date_gmt":"2023-04-10T17:04:16","guid":{"rendered":"https:\/\/batista-ma.org.br\/?page_id=3698"},"modified":"2023-04-14T13:12:40","modified_gmt":"2023-04-14T16:12:40","slug":"adbama","status":"publish","type":"page","link":"https:\/\/batista-ma.org.br\/?page_id=3698","title":{"rendered":"ADBAMA"},"content":{"rendered":"\n<div class=\"wp-block-columns is-layout-flex wp-container-core-columns-is-layout-2 wp-block-columns-is-layout-flex\">\n<div class=\"wp-block-column is-layout-flow wp-block-column-is-layout-flow\" style=\"flex-basis:100%\">\n<div class=\"wp-block-columns is-layout-flex wp-container-core-columns-is-layout-1 wp-block-columns-is-layout-flex\">\n<div class=\"wp-block-column is-layout-flow wp-block-column-is-layout-flow\" style=\"flex-basis:100%\"><div class=\"wp-block-image is-style-rounded\">\n<figure class=\"alignleft size-full\"><img loading=\"lazy\" decoding=\"async\" width=\"262\" height=\"262\" src=\"https:\/\/batista-ma.org.br\/wp-content\/uploads\/2023\/04\/adbama1.jpg\" alt=\"\" class=\"wp-image-3742\" srcset=\"https:\/\/batista-ma.org.br\/wp-content\/uploads\/2023\/04\/adbama1.jpg 262w, https:\/\/batista-ma.org.br\/wp-content\/uploads\/2023\/04\/adbama1-150x150.jpg 150w\" sizes=\"(max-width: 262px) 100vw, 262px\" \/><\/figure><\/div><\/div>\n<\/div>\n<\/div>\n<\/div>\n\n\n\n<p>BREVE HIST\u00d3RIA DA ADBAMA<\/p>\n\n\n\n<p class=\"has-text-align-left\">DI\u00c1CONOS DO MARANH\u00c3O ORGANIZAM ASSOCIA\u00c7\u00c3O<br>Em concorrida assembleia realizada nos dias 15 e 16 de outubro de 2004, os Di\u00e1conos<br>Batistas do Maranh\u00e3o organizaram sua associa\u00e7\u00e3o estadual, a hist\u00f3rica assembleia ocorreu<br>no moderno audit\u00f3rio do Col\u00e9gio Batista Daniel de la Touche, contando com a participa\u00e7\u00e3o de<br>23 igrejas e cerca de uma centena de di\u00e1conos<br>A programa\u00e7\u00e3o foi iniciada na sexta feira a noite com um belo culto administrativo. No s\u00e1bado<br>pela manh\u00e3 houve um amplo debate sobre a ADBM e seus desafios, tendo na tarde daquele<br>dia sido eleita a diretoria. A lideran\u00e7a Batista Maranhense deu todo apoio \u00e0 realiza\u00e7\u00e3o, sendo<br>a assembleia dirigida pelo presidente da Conven\u00e7\u00e3o Batista do Maranh\u00e3o, pastor Eli\u00e9zero<br>Medeiros. Presente tamb\u00e9m os pastores Wladimir Camilo (IB Calv\u00e1rio); Jos\u00e9 Souza (IB Santa<br>Luzia do Paru\u00e1) e a professora C\u00e1ssia Guimar\u00e3es (Diretora geral do Col\u00e9gio hospedeiro). A<br>assembleia contou tamb\u00e9m com a participa\u00e7\u00e3o do di\u00e1cono Lincoln Ara\u00fajo, presidente da<br>ADBB \u2013 Associa\u00e7\u00e3o dos Di\u00e1conos Batistas do Brasil, que foi o mensageiro do culto no s\u00e1bado<br>\u00e0 noite.<br>A primeira diretoria eleita da ADBM, ficou assim constitu\u00edda: presidente \u2013 Raimundo Pinheiro<br>(IB rosa de Saron); 1\u00aa vice \u2013 Nelise Soares Silva Costa (IB Calv\u00e1rio); 2\u00aa vice \u2013 Maria do Ampara Uch\u00f4a (IB Shalon); 1\u00aa secret\u00e1ria \u2013 Ruth de C\u00e1ssia Melo Soares (IB Novo Alvorecer); <\/p>\n\n\n\n<p class=\"has-text-align-left\">2\u00aa secret\u00e1ria \u2013 Isabel Pereira Camilo (IB calv\u00e1rio); 1\u00ba tesoureiro &#8211; Harlan Ferreira Sandes (IB<br>Adonay); 2\u00aa tesoureira \u2013 Olindina Portela Aguiar da Silva (IB Calv\u00e1rio). Como conselheiros<br>foram eleitos os pastores: Eli\u00e9zero Medeiros, Wladimir Camilo e Apol\u00f4nio Cavalcante. Como<br>metas iniciais, a ADBM estar\u00e1 registrando seu estatuto social, promovendo campanha de<br>doa\u00e7\u00e3o de material escolar para os filhos dos mission\u00e1rios do campo e realizando, sob a<br>supervis\u00e3o da ADBM, um curso para tesoureiro de igreja e institui\u00e7\u00e3o evang\u00e9lica. Outro grande<br>ideal da jovem ADBM \u00e9 a cria\u00e7\u00e3o em S\u00e3o Luis de um lar para anci\u00e3os projeto este, que logo<br>contara com o apoio da conven\u00e7\u00e3o estadual e de forma especial do pastor Enock Vieira.<\/p>\n\n\n\n<p><\/p>\n","protected":false},"excerpt":{"rendered":"<p>BREVE HIST\u00d3RIA DA ADBAMA DI\u00c1CONOS DO MARANH\u00c3O ORGANIZAM ASSOCIA\u00c7\u00c3OEm concorrida assembleia realizada nos dias 15 e 16 de outubro de 2004, os Di\u00e1conosBatistas do Maranh\u00e3o organizaram sua associa\u00e7\u00e3o estadual, a hist\u00f3rica assembleia ocorreuno moderno audit\u00f3rio do Col\u00e9gio Batista Daniel de la Touche, contando com a participa\u00e7\u00e3o de23 igrejas e cerca de uma centena de di\u00e1conosA [&hellip;]<\/p>\n","protected":false},"author":4,"featured_media":0,"parent":0,"menu_order":0,"comment_status":"closed","ping_status":"closed","template":"page-pagebuilder-latest.php","meta":{"_themeisle_gutenberg_block_has_review":false,"footnotes":""},"class_list":["post-3698","page","type-page","status-publish"],"_links":{"self":[{"href":"https:\/\/batista-ma.org.br\/index.php?rest_route=\/wp\/v2\/pages\/3698"}],"collection":[{"href":"https:\/\/batista-ma.org.br\/index.php?rest_route=\/wp\/v2\/pages"}],"about":[{"href":"https:\/\/batista-ma.org.br\/index.php?rest_route=\/wp\/v2\/types\/page"}],"author":[{"embeddable":true,"href":"https:\/\/batista-ma.org.br\/index.php?rest_route=\/wp\/v2\/users\/4"}],"replies":[{"embeddable":true,"href":"https:\/\/batista-ma.org.br\/index.php?rest_route=%2Fwp%2Fv2%2Fcomments&post=3698"}],"version-history":[{"count":9,"href":"https:\/\/batista-ma.org.br\/index.php?rest_route=\/wp\/v2\/pages\/3698\/revisions"}],"predecessor-version":[{"id":3747,"href":"https:\/\/batista-ma.org.br\/index.php?rest_route=\/wp\/v2\/pages\/3698\/revisions\/3747"}],"wp:attachment":[{"href":"https:\/\/batista-ma.org.br\/index.php?rest_route=%2Fwp%2Fv2%2Fmedia&parent=3698"}],"curies":[{"name":"wp","href":"https:\/\/api.w.org\/{rel}","templated":true}]}}