{"id":3615,"date":"2023-03-20T12:28:40","date_gmt":"2023-03-20T15:28:40","guid":{"rendered":"https:\/\/batista-ma.org.br\/?page_id=3615"},"modified":"2024-03-08T12:06:41","modified_gmt":"2024-03-08T15:06:41","slug":"formulario-de-inscricao-2023","status":"publish","type":"page","link":"https:\/\/batista-ma.org.br\/?page_id=3615","title":{"rendered":"Formul\u00e1rio de inscri\u00e7\u00e3o para 87\u00aa Assembleia da CBM"},"content":{"rendered":"\n<div class=\"wp-block-buttons is-layout-flex wp-block-buttons-is-layout-flex\">\n<div class=\"wp-block-button\"><a class=\"wp-block-button__link wp-element-button\" href=\"https:\/\/forms.gle\/k6xMcRyw8RWPkyW77\">Clique aqui para incri\u00e7\u00f5es com Livro Digital     <\/a><\/div>\n\n\n\n<div class=\"wp-block-button\"><a class=\"wp-block-button__link wp-element-button\" href=\"https:\/\/forms.gle\/61ix7f4SqoBt37Ch7\"><mark style=\"background-color:rgba(0, 0, 0, 0)\" class=\"has-inline-color has-black-color\">Clique aqui para inscri\u00e7\u00f5es com Livro Impresso<\/mark><\/a><\/div>\n<\/div>\n","protected":false},"excerpt":{"rendered":"Clique aqui para incri\u00e7\u00f5es com Livro Digital Clique aqui para inscri\u00e7\u00f5es com Livro Impresso","protected":false},"author":4,"featured_media":4065,"parent":0,"menu_order":0,"comment_status":"closed","ping_status":"closed","template":"","meta":{"_themeisle_gutenberg_block_has_review":false,"footnotes":""},"class_list":["post-3615","page","type-page","status-publish","has-post-thumbnail"],"_links":{"self":[{"href":"https:\/\/batista-ma.org.br\/index.php?rest_route=\/wp\/v2\/pages\/3615"}],"collection":[{"href":"https:\/\/batista-ma.org.br\/index.php?rest_route=\/wp\/v2\/pages"}],"about":[{"href":"https:\/\/batista-ma.org.br\/index.php?rest_route=\/wp\/v2\/types\/page"}],"author":[{"embeddable":true,"href":"https:\/\/batista-ma.org.br\/index.php?rest_route=\/wp\/v2\/users\/4"}],"replies":[{"embeddable":true,"href":"https:\/\/batista-ma.org.br\/index.php?rest_route=%2Fwp%2Fv2%2Fcomments&post=3615"}],"version-history":[{"count":7,"href":"https:\/\/batista-ma.org.br\/index.php?rest_route=\/wp\/v2\/pages\/3615\/revisions"}],"predecessor-version":[{"id":4048,"href":"https:\/\/batista-ma.org.br\/index.php?rest_route=\/wp\/v2\/pages\/3615\/revisions\/4048"}],"wp:featuredmedia":[{"embeddable":true,"href":"https:\/\/batista-ma.org.br\/index.php?rest_route=\/wp\/v2\/media\/4065"}],"wp:attachment":[{"href":"https:\/\/batista-ma.org.br\/index.php?rest_route=%2Fwp%2Fv2%2Fmedia&parent=3615"}],"curies":[{"name":"wp","href":"https:\/\/api.w.org\/{rel}","templated":true}]}}