{"id":3566,"date":"2023-03-16T11:30:56","date_gmt":"2023-03-16T14:30:56","guid":{"rendered":"https:\/\/batista-ma.org.br\/?page_id=3566"},"modified":"2023-03-16T11:30:57","modified_gmt":"2023-03-16T14:30:57","slug":"formulario-de-solicitacao-de-ingresso-da-igreja-modelo","status":"publish","type":"page","link":"https:\/\/batista-ma.org.br\/?page_id=3566","title":{"rendered":"FORMUL\u00c1RIO DE SOLICITA\u00c7\u00c3O DE INGRESSO DA IGREJA (MODELO)"},"content":{"rendered":"\n<figure class=\"wp-block-block-document embedpress-embed-document\"><iframe style=\"height:600px;width:600px\" src=\"\/\/view.officeapps.live.com\/op\/embed.aspx?src=https:\/\/batista-ma.org.br\/wp-content\/uploads\/2023\/03\/formulario-de-ingresso-de-igreja.modelo.doc\" mozallowfullscreen=\"true\" webkitallowfullscreen=\"true\"><\/iframe><p class=\"embedpress-el-powered\">Powered By EmbedPress<\/p><\/figure>\n","protected":false},"excerpt":{"rendered":"Powered By EmbedPress","protected":false},"author":4,"featured_media":3552,"parent":0,"menu_order":0,"comment_status":"closed","ping_status":"closed","template":"","meta":{"_themeisle_gutenberg_block_has_review":false,"footnotes":""},"class_list":["post-3566","page","type-page","status-publish","has-post-thumbnail"],"_links":{"self":[{"href":"https:\/\/batista-ma.org.br\/index.php?rest_route=\/wp\/v2\/pages\/3566"}],"collection":[{"href":"https:\/\/batista-ma.org.br\/index.php?rest_route=\/wp\/v2\/pages"}],"about":[{"href":"https:\/\/batista-ma.org.br\/index.php?rest_route=\/wp\/v2\/types\/page"}],"author":[{"embeddable":true,"href":"https:\/\/batista-ma.org.br\/index.php?rest_route=\/wp\/v2\/users\/4"}],"replies":[{"embeddable":true,"href":"https:\/\/batista-ma.org.br\/index.php?rest_route=%2Fwp%2Fv2%2Fcomments&post=3566"}],"version-history":[{"count":1,"href":"https:\/\/batista-ma.org.br\/index.php?rest_route=\/wp\/v2\/pages\/3566\/revisions"}],"predecessor-version":[{"id":3568,"href":"https:\/\/batista-ma.org.br\/index.php?rest_route=\/wp\/v2\/pages\/3566\/revisions\/3568"}],"wp:featuredmedia":[{"embeddable":true,"href":"https:\/\/batista-ma.org.br\/index.php?rest_route=\/wp\/v2\/media\/3552"}],"wp:attachment":[{"href":"https:\/\/batista-ma.org.br\/index.php?rest_route=%2Fwp%2Fv2%2Fmedia&parent=3566"}],"curies":[{"name":"wp","href":"https:\/\/api.w.org\/{rel}","templated":true}]}}