{"id":2866,"date":"2020-03-19T15:54:38","date_gmt":"2020-03-19T18:54:38","guid":{"rendered":"http:\/\/batista-ma.org.br\/?page_id=2866"},"modified":"2020-03-19T19:38:06","modified_gmt":"2020-03-19T22:38:06","slug":"roteiro-geral-para-formulacao-de-planejamentos-e-relatorios-das-organizacoes-e-associacoes-da-cbm","status":"publish","type":"page","link":"https:\/\/batista-ma.org.br\/?page_id=2866","title":{"rendered":"ROTEIRO PARA PLANEJAMENTOS E RELAT\u00d3RIOS"},"content":{"rendered":"<p style=\"text-align: center;\"><strong>ROTEIRO GERAL PARA FORMULA\u00c7\u00c3O DE PLANEJAMENTOS E RELAT\u00d3RIOS DAS ORGANIZA\u00c7\u00d5ES E ASSOCIA\u00c7\u00d5ES DA CONVEN\u00c7\u00c3O BATISTA MARANHENSE &#8211; 2020<\/strong><\/p>\n<p><strong>PLANEJAMENTO ESTRAT\u00c9GICO DA CONVEN\u00c7\u00c3O BATISTA MARANHENSE<\/strong><\/p>\n<p>\u201cTudo quanto tiverdes a m\u00e3o para fazer, faze-o conforme as tuas for\u00e7as, conforme o teu entendimento\u201d Ec 9.10\u00aa<\/p>\n<p>A Conven\u00e7\u00e3o Batista Maranhense \u00e9 constitu\u00edda por igrejas batistas recebidas com o intuito maior de fazer o Reino de Deus conhecido. Assim, estamos representados por \u00e1reas definidas geograficamente e\/ou estrategicamente, a saber: Cocais, Baixada, Len\u00e7\u00f3is, Pindar\u00e9, Munim, Alto Turi, Metropolitana e Grande S\u00e3o Lu\u00eds fazendo-nos constar um total de 269 Igrejas e 221 Congrega\u00e7\u00f5es.<\/p>\n<p>O trabalho de expans\u00e3o desenvolvido pela Conven\u00e7\u00e3o acontece por meio de capacita\u00e7\u00e3o, representa\u00e7\u00e3o denominacional, sondagem diagn\u00f3stica, qualifica\u00e7\u00e3o de lideran\u00e7a, a\u00e7\u00f5es s\u00f3cias executadas em parceria Conven\u00e7\u00e3o \u2013 Associa\u00e7\u00e3o \/ Igreja.<\/p>\n<p>Objetivando o crescimento, acompanhamento e realimenta\u00e7\u00e3o das a\u00e7\u00f5es a serem executadas foi elaborado o presente planejamento estrat\u00e9gico.<\/p>\n<p>Por meio das Associa\u00e7\u00f5es, observaremos a realidade s\u00f3cio-cultural e assim e com a participa\u00e7\u00e3o da Igreja local apresentaremos o alcance necess\u00e1rio visando a divulga\u00e7\u00e3o da mensagem de salva\u00e7\u00e3o, mas tamb\u00e9m, a ajuda m\u00fatua \u00e0 sociedade.<strong>\u00a0<\/strong><\/p>\n<p><strong>MISS\u00c3O \u2013 <\/strong>Promover a gl\u00f3ria de Deus pela coopera\u00e7\u00e3o entre as igrejas batistas para levar o homem integralmente a Cristo<\/p>\n<p><strong>VIS\u00c3O &#8211;<\/strong> Ser reconhecida pelas Igrejas Batistas pelo servi\u00e7o de excel\u00eancia no fen\u00f4meno do seu compromisso com Jesus Cristo, da unidade e da fiel generosa coopera\u00e7\u00e3o denominacional.<\/p>\n<p><strong>ESTRAT\u00c9GIA &#8211; <\/strong>Aprimorar os processos interno e a atua\u00e7\u00e3o final\u00edstica para melhor atender as igrejas Batista Maranhense em seu constante aperfei\u00e7oamento no compromisso com Jesus Cristo e relev\u00e2ncia para sociedade.<\/p>\n<p><strong>VALORES<\/strong><\/p>\n<ol>\n<li><strong> Transpar\u00eancia \u2013<\/strong> Desejamos como gestores denominacionais dar total transpar\u00eancia as a\u00e7\u00f5es e realiza\u00e7\u00f5es.<\/li>\n<li><strong> Excel\u00eancia &#8211;<\/strong> Buscaremos a excel\u00eancia crendo que Deus merece o melhor de n\u00f3s. Fazendo o melhor poss\u00edvel humanamente e dependendo em tudo de Deus.<\/li>\n<li><strong> Flexibilidade \u2013<\/strong> A Conven\u00e7\u00e3o\u00a0\u00a0 estar\u00e1\u00a0\u00a0 atenta\u00a0\u00a0 \u00e0s\u00a0\u00a0 realidades\u00a0\u00a0 internas\u00a0\u00a0 e\u00a0\u00a0 externas, promovendo constantes ajustes no Planejamento.<\/li>\n<li><strong> Celeridade \u2013<\/strong> No tempo das\u00a0\u00a0 grandes\u00a0\u00a0 transforma\u00e7\u00f5es\u00a0\u00a0 desejamos\u00a0\u00a0 como\u00a0\u00a0 gestores tornar a CBM mais pr\u00f3xima das igrejas e dos crentes batistas do Estado do Maranh\u00e3o com respostas r\u00e1pidas e decis\u00f5es mais din\u00e2micas.<\/li>\n<li><strong> Frutifica\u00e7\u00e3o \u2013<\/strong> A forma de medir o sucesso do trabalho Convencional passa pelo crit\u00e9rio da frutifica\u00e7\u00e3o, ou seja, mais L\u00edderes treinados, comunica\u00e7\u00e3o mais r\u00e1pida, mais gente convertida, mais batismos, mais igrejas fortes e mais igrejas sendo organizadas.<\/li>\n<li><strong> Avalia\u00e7\u00e3o<\/strong> \u2013 Acreditamos no processo\u00a0\u00a0 de\u00a0\u00a0 avalia\u00e7\u00e3o\u00a0\u00a0 cont\u00ednua\u00a0\u00a0 das a\u00e7\u00f5es e estrat\u00e9gias estabelecidas para que haja mais produtividade, mas efic\u00e1cia, com corre\u00e7\u00e3o de rotas e rumos.<\/li>\n<li><strong> Efic\u00e1cia e efici\u00eancia \u2013<\/strong> A CBM quer fazer a coisa certa, ou seja, atender as igrejas em suas reais necessidades, de modo certo, otimizando recursos, modificando processos, reduzindo custos, al\u00e9m de utilizar a melhor t\u00e9cnica na execu\u00e7\u00e3o de suas a\u00e7\u00f5es.<\/li>\n<li><strong> Integra\u00e7\u00e3o \u2013<\/strong> A CBM deseja que todos os gestores estejam unidos e que todas as \u00e1reas estejam interligadas sob a dire\u00e7\u00e3o executiva, al\u00e9m de buscar uma sintonia fina com as Associa\u00e7\u00f5es e as igrejas no processo de execu\u00e7\u00e3o deste planejamento.<\/li>\n<li><strong> Car\u00e1ter Crist\u00e3o &#8211; <\/strong>A CBM deseja que todos os crist\u00e3os, tenham desenvolvido na sua forma\u00e7\u00e3o o Car\u00e1ter de Cristo.<strong>\u00a0<\/strong><\/li>\n<\/ol>\n<p><strong>\u00c1REAS A SEREM ALCAN\u00c7ADAS E PROGRAMAS RELACIONADOS:<\/strong><\/p>\n<h3><span style=\"color: #008000;\"><strong>1- PROGRAMA DE COOPERA\u00c7\u00c3O FINANCEIRA<\/strong><\/span><\/h3>\n<p><strong>1.1 (Plano Cooperativo) e levantamento de recursos diversos<\/strong><\/p>\n<p><strong>METAS: \u00a0\u00a0\u00a0\u00a0\u00a0\u00a0 Atingir 100% de participa\u00e7\u00e3o das Igrejas afiliadas<\/strong><\/p>\n<p><strong>\u00a0\u00a0\u00a0\u00a0\u00a0\u00a0\u00a0\u00a0\u00a0\u00a0\u00a0\u00a0\u00a0\u00a0\u00a0\u00a0\u00a0\u00a0\u00a0\u00a0\u00a0\u00a0\u00a0 Manter a fidelidade das Igrejas cooperantes da Conven\u00e7\u00e3o<\/strong><\/p>\n<p><strong>\u00a0\u00a0\u00a0\u00a0\u00a0\u00a0\u00a0\u00a0\u00a0\u00a0\u00a0\u00a0\u00a0\u00a0\u00a0\u00a0\u00a0\u00a0\u00a0\u00a0\u00a0\u00a0\u00a0 Resgatar o total de Igrejas que n\u00e3o cooperam junto a Conven\u00e7\u00e3o<\/strong><strong>\u00a0<\/strong><\/p>\n<p><strong>Estrat\u00e9gias:<\/strong><\/p>\n<p>Observa\u00e7\u00e3o sistem\u00e1tica ao or\u00e7amento anual de distribui\u00e7\u00e3o do PC de modo que haja contempla\u00e7\u00e3o crescente progressiva aos programas de evangeliza\u00e7\u00e3o, educa\u00e7\u00e3o religiosa (treinamento) e comunica\u00e7\u00e3o.<\/p>\n<p>Assist\u00eancia ao setor competente quando da\u00a0\u00a0 distribui\u00e7\u00e3o\u00a0\u00a0 do\u00a0\u00a0 PC\u00a0\u00a0 um\u00a0\u00a0 percentual\u00a0\u00a0 fixo\u00a0\u00a0 para\u00a0\u00a0 investimento\u00a0\u00a0 em compra de propriedades estrat\u00e9gicas voltados para atender as igrejas que est\u00e3o em \u00e1reas estrat\u00e9gicas\u00a0\u00a0 e\u00a0\u00a0 fazem\u00a0\u00a0 parte\u00a0\u00a0 do\u00a0\u00a0 Conv\u00eanio\u00a0\u00a0 firmado\u00a0\u00a0 ou\u00a0\u00a0 est\u00e3o\u00a0\u00a0 dentro\u00a0\u00a0 do\u00a0\u00a0 Programa\u00a0\u00a0 de Planta\u00e7\u00e3o de novas igrejas;<\/p>\n<p>Manuten\u00e7\u00e3o e atualiza\u00e7\u00e3o acess\u00edveis \u00e0s informa\u00e7\u00f5es financeiras da CBM atrav\u00e9s do site da CBM.<\/p>\n<p>Oferta de vantagens para as igrejas (membros e L\u00edderes) na participa\u00e7\u00e3o em eventos (Congressos, semin\u00e1rios, etc.) realizados pelas organiza\u00e7\u00f5es da CBM;<\/p>\n<p><strong>1.2<\/strong> <strong>SIM &#8211; SISTEMA INTEGRADO DE MISS\u00d5ES<\/strong><\/p>\n<p><strong>METAS:<\/strong><strong>\u00a0\u00a0Dinamizar a campanha do SIM para obten\u00e7\u00e3o do alvo no valor de trezentos e trinta mil reais;<\/strong><\/p>\n<p><strong>Estrat\u00e9gias:<\/strong><strong>\u00a0 \u00a0<\/strong><\/p>\n<p>Mobilizar Promotor de Miss\u00f5es Estaduais nas Igrejas locais<\/p>\n<p>Revitalizar o dia de Miss\u00f5es Estaduais nas Igrejas<\/p>\n<p>Enviar material de promo\u00e7\u00e3o da Campanha de Miss\u00f5es Estaduais para as Igrejas do campo maranhense.<\/p>\n<h3><span style=\"color: #008000;\"><strong>2-EVANGELIZA\u00c7\u00c3O E MISS\u00d5ES<\/strong><\/span><\/h3>\n<p><strong>METAS:<\/strong><strong>\u00a0 \u00a0Implementar os chamados Mission\u00e1rios Associacionais<\/strong> \u2013 Os mission\u00e1rios regionais trabalhar\u00e3o com as diversas \u00a0\u00a0\u00a0\u00a0\u00a0\u00a0\u00a0\u00a0\u00a0\u00a0\u00a0\u00a0 regi\u00f5es nas quais est\u00e3o divididas o Estado do Maranh\u00e3o, sobretudo fomentando o seu desenvolvimento conforme \u00a0\u00a0\u00a0\u00a0\u00a0\u00a0\u00a0\u00a0\u00a0\u00a0\u00a0\u00a0\u00a0\u00a0\u00a0\u00a0\u00a0 preceitua no Programa de Expans\u00e3o Mission\u00e1ria da CBM.<\/p>\n<p><strong>\u00a0 \u00a0 \u00a0 \u00a0 \u00a0 \u00a0 \u00a0 \u00a0 \u00a0 Integra\u00e7\u00e3o do programa de miss\u00f5es &#8211; <\/strong>\u00a0Promover a integra\u00e7\u00e3o do programa de miss\u00f5es e evangelismo, havendo \u00a0\u00a0\u00a0\u00a0\u00a0\u00a0\u00a0\u00a0\u00a0 uma coopera\u00e7\u00e3o entre Miss\u00f5es Locais e CBM nos projetos voltados para o Estado, incluindo a sele\u00e7\u00e3o, treinamento e \u00a0\u00a0\u00a0\u00a0\u00a0\u00a0\u00a0\u00a0 acompanhamento dos mission\u00e1rios e a gest\u00e3o de Evangelismo e Miss\u00f5es.<\/p>\n<p><strong><u>Estrat\u00e9gias: <\/u><\/strong><\/p>\n<p>2.1 Revitaliza\u00e7\u00e3o de igrejas e\/ou Congrega\u00e7\u00f5es que estejam localizadas em \u00e1reas estrat\u00e9gicas;<\/p>\n<p>2.2 Desenvolvimento de a\u00e7\u00f5es mission\u00e1rias com as igrejas nas \u00e1reas estrat\u00e9gicas;<\/p>\n<p>2.3 Celebra\u00e7\u00e3o de conv\u00eanios para o sustento adequado de pastores, e mission\u00e1rios das igrejas e\/ou congrega\u00e7\u00f5es;<\/p>\n<p>2.4 Aten\u00e7\u00e3o \u00e0s igrejas, observando os crit\u00e9rios pr\u00e9-estabelecidos, na aquisi\u00e7\u00e3o de propriedades, visando agilizar o seu processo de crescimento. Neste aspecto ser\u00e3o considerados crit\u00e9rios para doa\u00e7\u00e3o e crit\u00e9rios para devolu\u00e7\u00e3o do valor viabilizando ajudar outras igrejas.<strong>\u00a0<\/strong><\/p>\n<h3><span style=\"color: #339966;\"><strong>3-PROGRAMA DE PARCEIRIAS MISSION\u00c1RIAS<\/strong><\/span><\/h3>\n<p><strong>METAS: \u00a0\u00a0\u00a0\u00a0\u00a0\u00a0 Estabelecer parcerias com todas as Associa\u00e7\u00f5es do Estado<\/strong><\/p>\n<p><strong>\u00a0\u00a0\u00a0\u00a0\u00a0\u00a0\u00a0\u00a0\u00a0\u00a0\u00a0\u00a0\u00a0\u00a0\u00a0\u00a0\u00a0\u00a0\u00a0\u00a0\u00a0\u00a0\u00a0 Criar um grupo de Promotores de Miss\u00f5es e Mission\u00e1rios<\/strong><\/p>\n<p><strong>\u00a0\u00a0\u00a0\u00a0\u00a0\u00a0\u00a0\u00a0\u00a0\u00a0\u00a0\u00a0\u00a0\u00a0\u00a0\u00a0\u00a0\u00a0\u00a0\u00a0\u00a0\u00a0\u00a0 Promover encontros de mission\u00e1rios e promotores de miss\u00f5es (Congresso Mission\u00e1rios)<\/strong><\/p>\n<p><strong><u>Estrat\u00e9gias<\/u><\/strong><\/p>\n<p>Integra\u00e7\u00e3o da Associa\u00e7\u00e3o na realiza\u00e7\u00e3o desta parceria;<\/p>\n<p>Envolvimento dos pastores, promotores de miss\u00f5es, mission\u00e1rios, que desenvolvem a evangeliza\u00e7\u00e3o no Estado;<\/p>\n<p>Realiza\u00e7\u00e3o de interc\u00e2mbio com os l\u00edderes das \u00e1reas associacionais.<\/p>\n<p>&nbsp;<\/p>\n<p><strong>METAS:\u00a0\u00a0\u00a0\u00a0\u00a0\u00a0\u00a0 Levantar \u00e1reas estrat\u00e9gicas para abertura de novos trabalhos<\/strong><\/p>\n<p><strong>\u00a0\u00a0\u00a0\u00a0\u00a0\u00a0\u00a0\u00a0\u00a0\u00a0\u00a0\u00a0\u00a0\u00a0\u00a0\u00a0\u00a0\u00a0\u00a0\u00a0\u00a0\u00a0\u00a0 Desenvolver 10 projetos de planta\u00e7\u00e3o de Igrejas em parcerias com igrejas locais<\/strong><\/p>\n<p><strong><u>Estrat\u00e9gias <\/u><\/strong><\/p>\n<p>Defini\u00e7\u00e3o das \u00e1reas estrat\u00e9gicas para esta finalidade;<\/p>\n<p>Aquisi\u00e7\u00e3o de parcerias com igrejas maiores no projeto de planta\u00e7\u00e3o de igrejas;<\/p>\n<p>Realiza\u00e7\u00e3o de treinamento espec\u00edfico sobre estrat\u00e9gias de crescimento de igrejas.<\/p>\n<p>Decis\u00e3o de compra de propriedades para novas igrejas via Associa\u00e7\u00e3o.<\/p>\n<p><strong>N.B &#8211; <\/strong>Para este objetivo ser\u00e3o definidos alguns crit\u00e9rios, que considerem a forma de corre\u00e7\u00e3o do valor em caso de empr\u00e9stimo para efeitos de devolu\u00e7\u00e3o viabilizando ajudar outras igrejas.<strong><u>\u00a0<\/u><\/strong><\/p>\n<h3><span style=\"color: #339966;\"><strong><u>5- PROGRAMA DE FORTALECIMENTO DE PEQUENAS IGREJAS<\/u><\/strong><\/span><\/h3>\n<p><strong>METAS:<\/strong><strong>\u00a0 \u00a0Atingir 8 Igrejas e\/ou Congrega\u00e7\u00e3o visando revitaliza\u00e7\u00e3o<\/strong><\/p>\n<p><strong>Estrat\u00e9gias: <\/strong><\/p>\n<p>Revitaliza\u00e7\u00e3o de igrejas e\/ou Congrega\u00e7\u00f5es que estejam localizadas em \u00e1reas estrat\u00e9gicas;<\/p>\n<p>Desenvolvimento de a\u00e7\u00f5es mission\u00e1rias com as igrejas nas \u00e1reas estrat\u00e9gicas;<\/p>\n<p>Celebra\u00e7\u00e3o de conv\u00eanios para o sustento adequado de pastores, e mission\u00e1rios das igrejas e\/ou congrega\u00e7\u00f5es;<\/p>\n<p>Aten\u00e7\u00e3o \u00e0s igrejas, observando os crit\u00e9rios pr\u00e9-estabelecidos, na aquisi\u00e7\u00e3o de propriedades, visando agilizar o seu processo de crescimento.<\/p>\n<h3><span style=\"color: #339966;\"><strong> 6- PROGRAMA DE TREINAMENTE DE L\u00cdDERES<\/strong><\/span><\/h3>\n<p><strong>\u00a0METAS:\u00a0 \u00a0Realizar \u201cX\u201d Semin\u00e1rios para forma\u00e7\u00e3o de Lideres<\/strong><\/p>\n<p><strong>\u00a0 \u00a0 \u00a0 \u00a0 \u00a0 \u00a0 \u00a0 \u00a0 \u00a0 Promover \u201cX\u201d Cursos de aperfei\u00e7oamento em gest\u00e3o pastoral <\/strong><\/p>\n<p><strong>Estrat\u00e9gias:<\/strong><\/p>\n<p>Capacita\u00e7\u00e3o de l\u00edderes para atendimento em \u00e1reas espec\u00edficas;<\/p>\n<p>Realiza\u00e7\u00e3o de eventos a n\u00edvel de Associa\u00e7\u00e3o e Organiza\u00e7\u00e3o<\/p>\n<p>&nbsp;<\/p>\n<h3><span style=\"color: #339966;\"><strong><u>7-PROGRAMA DE FORTALECIMENTO DENOMINACIONAL<\/u><\/strong><\/span><\/h3>\n<p><strong>\u00a0METAS:\u00a0 \u00a0\u00a0\u00a0\u00a0\u00a0 Aumentar para 90% das Igrejas o uso de material batista nos estudos doutrin\u00e1rios<\/strong><\/p>\n<p><strong>\u00a0 \u00a0 \u00a0 \u00a0 \u00a0 \u00a0 \u00a0 \u00a0 \u00a0 \u00a0 \u00a0 \u00a0Promover 8 oito capacita\u00e7\u00f5es para professores de EBD<\/strong><\/p>\n<p><strong>\u00a0 \u00a0 \u00a0 \u00a0 \u00a0 \u00a0 \u00a0 \u00a0 \u00a0 \u00a0 \u00a0 \u00a0Pomover 8 oito capacita\u00e7\u00f5es (Igreja Multiplicadora) uma por Associa\u00e7\u00e3o<\/strong><\/p>\n<p><strong>\u00a0Estrat\u00e9gias:<\/strong><\/p>\n<p>Viabiliza\u00e7\u00e3o do material de apoio para estudos b\u00edblicos doutrin\u00e1rios;<\/p>\n<p>Revitaliza\u00e7\u00e3o da Escola B\u00edblica Dominical;<\/p>\n<p>Realiza\u00e7\u00e3o de capacita\u00e7\u00e3o para Professores e L\u00edderes que inclua al\u00e9m do aspecto t\u00e9cnico, base teol\u00f3gica e doutrin\u00e1ria;<\/p>\n<p>Prepara\u00e7\u00e3o de material de apoio ao Programa de Fortalecimento doutrin\u00e1rios: Livros, revistas, artigos, e materiais \u00e1udio visuais;<\/p>\n<p>Realiza\u00e7\u00e3o de capacita\u00e7\u00e3o \u00e0s lideran\u00e7as locais para servir bem as Igrejas (relat\u00f3rios, atas, planejamentos, recurso did\u00e1tico, eventos etc&#8230;)<\/p>\n<p>Despertamento dos crentes para a mordomia, ora\u00e7\u00e3o, evangeliza\u00e7\u00e3o, vida familiar saud\u00e1vel;<\/p>\n<p>Incentivo \u00e0s Organiza\u00e7\u00f5es Mission\u00e1rias na consecu\u00e7\u00e3o dos seus fins;<\/p>\n<p>Orienta\u00e7\u00e3o e acompanhamento as Igrejas quando da elabora\u00e7\u00e3o dos seus planos;<\/p>\n<p>Capacita\u00e7\u00e3o aos educadores e\/ou L\u00edderes educacionais com vista ao fortalecimento do trabalho de educa\u00e7\u00e3o crist\u00e3 na Igreja;<\/p>\n<p>Realiza\u00e7\u00e3o de trabalho espec\u00edfico com crian\u00e7as (Escola B\u00edblica de F\u00e9rias, Datas comemorativas)<\/p>\n<p>Celebra\u00e7\u00e3o do dia do Educador<\/p>\n<h3><span style=\"color: #339966;\"><strong><u>8-ATUA\u00c7\u00c3O NA SOCIEDADE <\/u><\/strong><\/span><\/h3>\n<p><strong>Programa de A\u00e7\u00e3o Social da CBM\u00a0 <\/strong><\/p>\n<p><strong>METAS: \u00a0\u00a0\u00a0\u00a0\u00a0\u00a0 Cadastrar todas as igrejas que j\u00e1 fazem a\u00e7\u00e3o social, bem como seus programas e \u00e1reas de atua\u00e7\u00e3o<\/strong><\/p>\n<p><strong>\u00a0\u00a0\u00a0\u00a0\u00a0\u00a0\u00a0\u00a0\u00a0\u00a0\u00a0\u00a0\u00a0\u00a0\u00a0\u00a0\u00a0\u00a0\u00a0\u00a0\u00a0\u00a0\u00a0 Realizar um Congresso de A\u00e7\u00e3o Social<\/strong><\/p>\n<p><strong>\u00a0\u00a0\u00a0\u00a0\u00a0\u00a0\u00a0\u00a0\u00a0\u00a0\u00a0\u00a0\u00a0\u00a0\u00a0\u00a0\u00a0\u00a0\u00a0\u00a0\u00a0\u00a0\u00a0 Desenvolver\u00a0 projetos em parcerias com institui\u00e7\u00f5es<\/strong><\/p>\n<p><strong>\u00a0\u00a0\u00a0\u00a0\u00a0\u00a0\u00a0\u00a0\u00a0\u00a0\u00a0\u00a0\u00a0\u00a0\u00a0\u00a0\u00a0\u00a0\u00a0\u00a0\u00a0\u00a0\u00a0 Desenvolver uma atividade no dia 02 de maio dia de A\u00e7\u00e3o Social da Conven\u00e7\u00e3o Batista Maranhense<\/strong><\/p>\n<p><strong>Estrat\u00e9gias:<\/strong><\/p>\n<p>Levantamento em todo o ESTADO, sobre o programa social que tem sido realizado pelas igrejas;<\/p>\n<p>Viabiliza\u00e7\u00e3o de material para grupos de estudo sobre o papel da igreja na sociedade, os desafios da igreja na sociedade de hoje, a a\u00e7\u00e3o social da igreja;<\/p>\n<p>Realiza\u00e7\u00e3o de Congresso Anual, constitu\u00eddo de material e abordagem de temas relacionados a quest\u00f5es sociais como: fam\u00edlia, cursos para noivos e namorados, quest\u00f5es da depend\u00eancia qu\u00edmica (\u00e1lcool e drogas) na fam\u00edlia e na sociedade de hoje, programa de apoio a gestantes, programa esportivo comunit\u00e1rio, projeto PEPE, direitos e deveres das crian\u00e7as e idosos<\/p>\n<p>Apoio as igrejas quando do desenvolvimento da a\u00e7\u00e3o social na comunidade em que est\u00e1 inserida, com material sobre programa esportivo comunit\u00e1rio, reciclagem, centro de conviv\u00eancia para idosos, aconselhamento para casais, noivos e namorados, feminic\u00eddio, infantic\u00eddio e doen\u00e7as emocionais;<\/p>\n<p>Incentivo as igrejas a terem um departamento, ou um minist\u00e9rio, uma a\u00e7\u00e3o comunit\u00e1ria regular como parte das a\u00e7\u00f5es da igreja;<\/p>\n<p>Celebra\u00e7\u00e3o de parceria com institui\u00e7\u00f5es que trabalham com recupera\u00e7\u00e3o de dependentes qu\u00edmicos.<strong>\u00a0<\/strong><\/p>\n<h3><span style=\"color: #339966;\"><strong><u>9-FINAN\u00c7AS E PATRIM\u00d4NIO<\/u><\/strong><\/span><strong>\u00a0<\/strong><\/h3>\n<p><strong>METAS:\u00a0 \u00a0 \u00a0 \u00a0<\/strong><strong>\u00a0 \u00a0Programa de auto sustento de \u00e1reas da CBM\u00a0 \u00a0 \u00a0 \u00a0 \u00a0 \u00a0 \u00a0 \u00a0 \u00a0 \u00a0\u00a0<\/strong><\/p>\n<p><strong>\u00a0\u00a0\u00a0\u00a0\u00a0\u00a0\u00a0\u00a0\u00a0\u00a0\u00a0\u00a0\u00a0\u00a0\u00a0\u00a0\u00a0\u00a0\u00a0\u00a0\u00a0\u00a0\u00a0 Reforma das Instala\u00e7\u00f5es do Acampamento do Ara\u00e7agy e predial da Conven\u00e7\u00e3o<\/strong><\/p>\n<p><strong>\u00a0\u00a0\u00a0\u00a0\u00a0\u00a0\u00a0\u00a0\u00a0\u00a0\u00a0\u00a0\u00a0\u00a0\u00a0\u00a0\u00a0\u00a0\u00a0\u00a0\u00a0\u00a0\u00a0 Acompanhamento T\u00e9cnico Jur\u00eddico para o Semin\u00e1rio, Col\u00e9gio Batista e ABA<\/strong><\/p>\n<p><strong>Estrat\u00e9gias<\/strong><\/p>\n<p>Melhoramento das condi\u00e7\u00f5es do Acampamento Batista do Ara\u00e7agy tendo como objetivo torn\u00e1-lo um centro de treinamento de excel\u00eancia visando a capta\u00e7\u00e3o de recursos para investimentos em outras atividades;<\/p>\n<p>Assist\u00eancia \u00e0s unidades do Col\u00e9gio Batista, Semin\u00e1rio Teol\u00f3gico Batista e Acampamento Batista do Ara\u00e7agy de modo que estes assegurem seu auto sustento.<\/p>\n<p>Promo\u00e7\u00e3o de a\u00e7\u00f5es para aquisi\u00e7\u00e3o de patrocinadores para a publica\u00e7\u00e3o das m\u00eddias sociais e\/ou impressa;<\/p>\n<p>Realiza\u00e7\u00e3o de Congressos e eventos como CBM;<\/p>\n<p>Capta\u00e7\u00e3o de recursos para produ\u00e7\u00e3o de m\u00eddia (CDs, DVDs e outros)<\/p>\n<h3><span style=\"color: #339966;\"><strong><u>10-GEST\u00c3O E ADMINISTRA\u00c7\u00c3O<\/u><\/strong><\/span><\/h3>\n<p><strong>Estrutura, funcionalidade e expans\u00e3o da Conven\u00e7\u00e3o<\/strong><\/p>\n<p><strong>METAS:<\/strong><strong>\u00a0 \u00a0 Defini\u00e7\u00e3o da estrutura para funcionalidade da Conven\u00e7\u00e3o por meio de reforma estatut\u00e1ria;<\/strong><\/p>\n<p><strong>\u00a0 \u00a0 \u00a0 \u00a0 \u00a0 \u00a0 \u00a0 \u00a0 \u00a0 \u00a0Implementa\u00e7\u00e3o do Projeto de Expans\u00e3o Mission\u00e1ria;<\/strong><\/p>\n<p><strong>\u00a0 \u00a0 \u00a0 \u00a0 \u00a0 \u00a0 \u00a0 \u00a0 \u00a0 \u00a0Coopera\u00e7\u00e3o junto as Associa\u00e7\u00f5es Executivas, Associa\u00e7\u00f5es Auxiliares e Organiza\u00e7\u00f5es Mission\u00e1rias arroladas \u00a0\u00a0\u00a0\u00a0\u00a0\u00a0\u00a0\u00a0\u00a0\u00a0\u00a0\u00a0\u00a0\u00a0\u00a0\u00a0\u00a0\u00a0\u00a0\u00a0\u00a0\u00a0 \u00e0 Conven\u00e7\u00e3o.<\/strong><strong>\u00a0<\/strong><\/p>\n<p><strong>Estrat\u00e9gias<\/strong><\/p>\n<p>Executar a\u00e7\u00f5es com o prop\u00f3sito de avan\u00e7ar as reformas e\/ou decis\u00f5es propostas pela Assembleia;<\/p>\n<p>Estabelecer cronograma de a\u00e7\u00f5es a ser implantado na estrutura convencional;<\/p>\n<p>Avalia\u00e7\u00e3o e mensura\u00e7\u00e3o e divulga\u00e7\u00e3o dos dados adquiridos por meio de relat\u00f3rio padr\u00e3o estabelecido pela Conven\u00e7\u00e3o.<\/p>\n","protected":false},"excerpt":{"rendered":"<p>ROTEIRO GERAL PARA FORMULA\u00c7\u00c3O DE PLANEJAMENTOS E RELAT\u00d3RIOS DAS ORGANIZA\u00c7\u00d5ES E ASSOCIA\u00c7\u00d5ES DA CONVEN\u00c7\u00c3O BATISTA MARANHENSE &#8211; 2020 PLANEJAMENTO ESTRAT\u00c9GICO DA CONVEN\u00c7\u00c3O BATISTA MARANHENSE \u201cTudo quanto tiverdes a m\u00e3o para fazer, faze-o conforme as tuas for\u00e7as, conforme o teu entendimento\u201d Ec 9.10\u00aa A Conven\u00e7\u00e3o Batista Maranhense \u00e9 constitu\u00edda por igrejas batistas recebidas com o intuito [&hellip;]<\/p>\n","protected":false},"author":2,"featured_media":0,"parent":0,"menu_order":0,"comment_status":"closed","ping_status":"closed","template":"page-templates\/child-menu.php","meta":{"_themeisle_gutenberg_block_has_review":false,"footnotes":""},"class_list":["post-2866","page","type-page","status-publish"],"_links":{"self":[{"href":"https:\/\/batista-ma.org.br\/index.php?rest_route=\/wp\/v2\/pages\/2866"}],"collection":[{"href":"https:\/\/batista-ma.org.br\/index.php?rest_route=\/wp\/v2\/pages"}],"about":[{"href":"https:\/\/batista-ma.org.br\/index.php?rest_route=\/wp\/v2\/types\/page"}],"author":[{"embeddable":true,"href":"https:\/\/batista-ma.org.br\/index.php?rest_route=\/wp\/v2\/users\/2"}],"replies":[{"embeddable":true,"href":"https:\/\/batista-ma.org.br\/index.php?rest_route=%2Fwp%2Fv2%2Fcomments&post=2866"}],"version-history":[{"count":5,"href":"https:\/\/batista-ma.org.br\/index.php?rest_route=\/wp\/v2\/pages\/2866\/revisions"}],"predecessor-version":[{"id":2878,"href":"https:\/\/batista-ma.org.br\/index.php?rest_route=\/wp\/v2\/pages\/2866\/revisions\/2878"}],"wp:attachment":[{"href":"https:\/\/batista-ma.org.br\/index.php?rest_route=%2Fwp%2Fv2%2Fmedia&parent=2866"}],"curies":[{"name":"wp","href":"https:\/\/api.w.org\/{rel}","templated":true}]}}