{"id":2735,"date":"2020-03-06T19:22:57","date_gmt":"2020-03-06T22:22:57","guid":{"rendered":"http:\/\/batista-ma.org.br\/?page_id=2735"},"modified":"2020-03-06T19:22:57","modified_gmt":"2020-03-06T22:22:57","slug":"administracao-financeira-para-igrejas","status":"publish","type":"page","link":"https:\/\/batista-ma.org.br\/?page_id=2735","title":{"rendered":"ADMINISTRA\u00c7\u00c3O FINANCEIRA PARA IGREJAS"},"content":{"rendered":"<p><strong>ADMINISTRA\u00c7\u00c3O FINANCEIRA<br \/>\nPARA IGREJAS<\/strong><\/p>\n<p><strong>Administra\u00e7\u00e3o Financeira para Igreja \u00e9 como desempenhar atividades tais como: <\/strong><\/p>\n<ol>\n<li>a) Revis\u00e3o e avali\u00e7\u00e3o da aplica\u00e7\u00e3o dos controles internos, financeiros e operacionais;<\/li>\n<li>b) Determinar qu\u00e3o dignos de confian\u00e7a s\u00e3o as informa\u00e7\u00f5es e dados apresentados dentro da Igreja;<\/li>\n<li>c) Avaliar a qualidade alcan\u00e7ada na execu\u00e7\u00e3o de tarefas determinadas para o cumprimento das respectivas responsabilidades.<\/li>\n<\/ol>\n<p><strong>Lei n\u00ba 9.608, de 18 de Fevereiro de 1998<br \/>\nTrabalho Voluntario\u00a0\u00a0\u00a0\u00a0\u00a0 <\/strong><\/p>\n<p><strong>ART. 1<u><sup>O<\/sup><\/u>\u00a0\u00a0CONSIDERA-SE SERVI\u00c7O VOLUNT\u00c1RIO, PARA OS FINS DESTA LEI, A ATIVIDADE N\u00c3O REMUNERADA PRESTADA POR PESSOA F\u00cdSICA A ENTIDADE P\u00daBLICA DE QUALQUER NATUREZA OU A INSTITUI\u00c7\u00c3O PRIVADA DE FINS N\u00c3O LUCRATIVOS QUE TENHA OBJETIVOS C\u00cdVICOS, CULTURAIS, EDUCACIONAIS, CIENT\u00cdFICOS, RECREATIVOS OU DE ASSIST\u00caNCIA \u00c0 PESSOA.\u00a0\u00a0\u00a0\u00a0\u00a0\u00a0\u00a0\u00a0\u00a0\u00a0\u00a0\u00a0\u00a0<\/strong><\/p>\n<p><strong>PAR\u00c1GRAFO \u00daNICO. O SERVI\u00c7O VOLUNT\u00c1RIO N\u00c3O GERA V\u00cdNCULO EMPREGAT\u00cdCIO, NEM OBRIGA\u00c7\u00c3O DE NATUREZA TRABALHISTA PREVIDENCI\u00c1RIA OU AFIM.<\/strong><\/p>\n<p><strong>ART. 2\u00ba O SERVI\u00c7O VOLUNT\u00c1RIO SER\u00c1 EXERCIDO MEDIANTE A CELEBRA\u00c7\u00c3O DE TERMO DE ADES\u00c3O ENTRE A ENTIDADE, P\u00daBLICA OU PRIVADA, E O PRESTADOR DO SERVI\u00c7O VOLUNT\u00c1RIO, DELE DEVENDO CONSTAR O OBJETO E AS CONDI\u00c7\u00d5ES DE SEU EXERC\u00cdCIO.<\/strong><\/p>\n<p><strong>ART. 3\u00ba O PRESTADOR DO SERVI\u00c7O VOLUNT\u00c1RIO PODER\u00c1 SER RESSARCIDO PELAS DESPESAS QUE COMPROVADAMENTE REALIZAR NO DESEMPENHO DAS ATIVIDADES VOLUNT\u00c1RIAS.<\/strong><\/p>\n<p><strong>PAR\u00c1GRAFO \u00daNICO. AS DESPESAS A SEREM RESSARCIDAS DEVER\u00c3O ESTAR EXPRESSAMENTE AUTORIZADAS PELA ENTIDADE A QUE FOR PRESTADO O SERVI\u00c7O VOLUNT\u00c1RIO.<\/strong><\/p>\n<p><strong>\u00a0O TRABALHO VOLUNT\u00c1RIO DEVE SER RECONHECIDO PELO VALOR JUSTO DA PRESTA\u00c7\u00c3O DO SERVI\u00c7O COMO SE TIVESSE OCORRIDO O DESEMBOLSO FINANCEIRO, \u201d RESOLU\u00c7\u00c3O CFC N\u00ba 1.409\/2.012 \u2013 ITG 2002 <\/strong><\/p>\n<p><strong>\u201cIMUNIDADES\u201d<\/strong><\/p>\n<p><strong>IMUNIDADE CONSTITUCIONAL:\u00a0 <em>Art. 150. Sem preju\u00edzo de outras garantias asseguradas ao contribuinte, \u00e9 vedado \u00e0 Uni\u00e3o, aos Estados, ao Distrito Federal e aos Munic\u00edpios:<\/em><\/strong><\/p>\n<p><strong><em>VI \u2013 instituir impostos sobre:\u00a0\u00a0\u00a0\u00a0\u00a0 b) templos de qualquer culto;<\/em><\/strong><\/p>\n<p><strong>\u201cCONDI\u00c7\u00d5ES DE IMUNIDADE\u201d<\/strong><\/p>\n<p><strong>&#8211; N\u00e3o remunerar dirigente, a qualquer t\u00edtulo;<\/strong><\/p>\n<p><strong>&#8211; Aplicarem integralmente, no pa\u00eds, os recursos na manuten\u00e7\u00e3o de seus objetivos;<\/strong><\/p>\n<p><strong>&#8211; Manterem escritura\u00e7\u00e3o cont\u00e1bil de sua movimenta\u00e7\u00e3o financeira e\u00a0\u00a0 econ\u00f4mica;<\/strong><\/p>\n<p><strong>&#8211; Conservar a documenta\u00e7\u00e3o cont\u00e1bil, pelo prazo prescricional;<\/strong><\/p>\n<p><strong>&#8211; Recolher os tributos retidos;<\/strong><\/p>\n<p><strong>&#8211; Apresentar a Declara\u00e7\u00e3o de Rendimentos e demais obriga\u00e7\u00f5es acess\u00f3rias pertinentes;<\/strong><\/p>\n<p><strong>&#8211; Assegurar, em seu estatuto, no caso de extin\u00e7\u00e3o da entidade, a destina\u00e7\u00e3o de seu patrim\u00f4nio a outra entidade semelhante;<\/strong><\/p>\n<p><strong>A LEGISLA\u00c7\u00c3O TRIBUT\u00c1RIA BRASILEIRA CLASSIFICA TRIBUTOS EM: IMPOSTOS, TAXAS E CONTRIBUI\u00c7\u00d5ES.<\/strong><\/p>\n<p><strong>\u00a0PORTANTO, A CONSTITUI\u00c7\u00c3O FEDERAL GARANTE A IMUNIDADE SOMENTE SOBRE IMPOSTOS (EX: IPTU, IMPOSTO DE RENDA, ETC.). <\/strong><\/p>\n<p><strong>LOGO, AS TAXAS (EX: TAXA DE LIXO, TAXA DE ILUMINA\u00c7\u00c3O P\u00daBLICA, ETC.) E CONTRIBUI\u00c7\u00d5ES (EX: CONTRIBUI\u00c7\u00d5ES PREVIDENCI\u00c1RIAS &#8211; INSS-, ETC.) PODEM, NUM PRIMEIRO MOMENTO, SER EXIGIDOS SUA COBRAN\u00c7A<\/strong><\/p>\n<p><strong>1 &#8211; SEJA ORGANIZADO: ESTABELE\u00c7A PRAZO PARA RECEBIMENTO DE D\u00cdZIMOS\/OFERTAS; ESTABELE\u00c7A PRAZO PARA PAGAMENTO DE PESSOAL (ASSALARIADOS, SEMINARISTAS, MINISTROS, MISS\u00d5ES, PROFISSIONAIS LIBERAIS E OUTROS); ENCARGOS DIVERSOS; TAXAS DE \u00c1GUA, LUZ, TELEFONE ETC. PAGUE EM DIA TODOS OS COMPROMISSOS ASSUMIDOS PELA IGREJA. <\/strong><\/p>\n<p><strong>2) ABRA CONTA(S) BANC\u00c1RIA(S) SOMENTE EM NOME DA IGREJA (NUNCA EM NOME DO PASTOR, OU QUALQUER MEMBRO, POR MAIS CONCEITUADO QUE SEJA).<\/strong><\/p>\n<p><strong>3) NUNCA LANCE NO LIVRO DE TESOURARIA D\u00cdZIMOS E\/OU OFERTAS PARA RECEB\u00ca-LOS POSTERIORMENTE.<\/strong><\/p>\n<p><strong>DICAS PARA O TESOUREIRO<\/strong><\/p>\n<p><strong>1 &#8211; SEJA ORGANIZADO: ESTABELE\u00c7A PRAZO PARA RECEBIMENTO DE D\u00cdZIMOS\/OFERTAS; ESTABELE\u00c7A PRAZO PARA PAGAMENTO DE PESSOAL (ASSALARIADOS, SEMINARISTAS, MINISTROS, MISS\u00d5ES, PROFISSIONAIS LIBERAIS E OUTROS); ENCARGOS DIVERSOS; TAXAS DE \u00c1GUA, LUZ, TELEFONE ETC. PAGUE EM DIA TODOS OS COMPROMISSOS ASSUMIDOS PELA IGREJA. <\/strong><\/p>\n<p><strong>2) ABRA CONTA(S) BANC\u00c1RIA(S) SOMENTE EM NOME DA IGREJA (NUNCA EM NOME DO PASTOR, OU QUALQUER MEMBRO, POR MAIS CONCEITUADO QUE SEJA).<\/strong><\/p>\n<p><strong>3) NUNCA LANCE NO LIVRO DE TESOURARIA D\u00cdZIMOS E\/OU OFERTAS PARA RECEB\u00ca-LOS POSTERIORMENTE.<\/strong><\/p>\n<p><strong>4 &#8211; EFETUE PAGAMENTOS PREFERENCIALMENTE EM CHEQUES, APONTANDO NELES A SUA DESTINA\u00c7\u00c3O. TRABALHE COM C\u00d3PIA DE CHEQUE.<\/strong><\/p>\n<p><strong>5) AO RECEBER CHEQUES\u00a0 DE TERCEIROS, IDENTIFIQUE-OS NO VERSO (ESCREVA O NOME DE QUEM EST\u00c1 PASSANDO).<\/strong><\/p>\n<p><strong>6) NUNCA ASSUMA COMPROMISSOS FINANCEIROS SEM A PR\u00c9VIA AUTORIZA\u00c7\u00c3O DA IGREJA.<\/strong><\/p>\n<p><strong>7) NUNCA TRABALHE SOZINHO \u2013 O IDEAL \u00c9 QUE MESMO IGREJAS PEQUENAS TENHAM DOIS OU TR\u00caS TESOUREIROS ATUANDO EM CONJUNTO \u2013 E EXIJA QUE A COMISS\u00c3O DE FINAN\u00c7AS ATUE NO PROP\u00d3SITO PARA O QUAL FOI CRIADA.<\/strong><\/p>\n<p><strong>8) Mantenha a contabilidade da igreja em dia, utilizando documentos id\u00f4neos, que de fato comprovem os lan\u00e7amentos cont\u00e1beis e que sejam aceitos pelo fisco. Repasse em tempo h\u00e1bil ao profissional da contabilidade. Em caso de d\u00favida, consulte o seu contador.<\/strong><\/p>\n<p><strong>9 ) Facilite o trabalho do conselho fiscal, arquivando em ordem os documentos que derem origem aos lan\u00e7amentos e prestando-lhe quaisquer esclarecimentos que se tornem necess\u00e1rios.<\/strong><\/p>\n<p><strong>10) Evite guardar em casa grandes import\u00e2ncias em esp\u00e9cie.<\/strong><\/p>\n<p><strong>11) Acima de tudo, \u00c9TICA CRIST\u00c3!<\/strong><\/p>\n<p><strong>COMPETE AO TESOUREIRO VERIFICAR SE O DOCUMENTO \u00c9 H\u00c1BIL,\u00a0 ANTES ESCRITUR\u00c1\u2010LO: COMO?<\/strong><\/p>\n<ol>\n<li><strong>A) SE ESTA EM NOME DA IGREJA; <\/strong><\/li>\n<li><strong>B) SE A DATA \u00c9 COMPAT\u00cdVEL COM O EXERC\u00cdCIO; <\/strong><\/li>\n<li><strong>C) SE FOR H\u00c1BIL DO PONTO DE VISTA FISCAL; <\/strong><\/li>\n<li><strong>D) ORIGINAL OU C\u00d3PIA; <\/strong><\/li>\n<li><strong>E) SE ESTAR DEVIDAMENTE APROVADO DE ACORDO COM A POLITICA DA IGREJA;<\/strong><\/li>\n<li><strong>F) SE O DOCUMENTO APRESENTADO \u00c9 CORRENTE COM A TRANSA\u00c7\u00c3O EFETUADA. UMA NOTA FISCAL DIFICILMENTE COMPROVAR\u00c1 A AQUISI\u00c7\u00c3O DE UM TERRENO;<\/strong><\/li>\n<\/ol>\n<p><strong>OBRIGATORIEDADE DA ESCRITURA\u00c7\u00c3O CONTABIL PARA A IGREJA<\/strong><\/p>\n<p><strong>FORMALIDADE:<\/strong><\/p>\n<p><strong>A Igreja para fins legais, equipara-se a empresa. Isto est\u00e1 claro pela reda\u00e7\u00e3o da Lei 6212\/91, art. 15, par\u00e1grafo \u00fanico, que assim diz: Equipare-se empresa para efeito desta lei. \u00e0 associa\u00e7\u00e3o ou entidade de qualquer natureza ou finalidade.<\/strong><\/p>\n<ol>\n<li><strong>a) A Igreja deve manter um sistema de escritura\u00e7\u00e3o uniforme dos seus atos e fatos administrativos eletronicamente.<\/strong><\/li>\n<li><strong>b) Com base em documentos de origem externa ou interna ou, na sua falta, em elementos que comprovem ou evidenciem fatos e a pr\u00e1tica de atos administrativos<\/strong><\/li>\n<li><strong>c) Gerar relat\u00f3rios financeiros, di\u00e1rio, demonstra\u00e7\u00f5es cont\u00e1beis e balan\u00e7o patrimonial.<\/strong><\/li>\n<\/ol>\n<p><strong>NBC ITG 2002 \u2013 Entidade Sem Finalidades de Lucros<\/strong>.<\/p>\n<p><strong>1 &#8211; Esta Interpreta\u00e7\u00e3o estabelece crit\u00e9rios e procedimentos espec\u00edficos de avalia\u00e7\u00e3o, de registro das transa\u00e7\u00f5es e varia\u00e7\u00f5es patrimoniais, de estrutura\u00e7\u00e3o das demonstra\u00e7\u00f5es cont\u00e1beis.<\/strong><\/p>\n<p><strong>2 &#8211; A entidade sem finalidade de lucros exerce atividades de assist\u00eancia social, sa\u00fade, educa\u00e7\u00e3o, t\u00e9cnico-cient\u00edfica, esportiva, religiosa, pol\u00edtica, cultural, beneficente, social. <\/strong><\/p>\n<p><strong>3 &#8211; Aplicam-se \u00e0 entidade sem finalidade de lucros, os Princ\u00edpios de Contabilidade a esta Interpreta\u00e7\u00e3o<\/strong><\/p>\n<p><strong>4 &#8211; As receitas e as despesas devem ser reconhecidas, mensalmente, respeitando o regime cont\u00e1bil de compet\u00eancia.<\/strong><\/p>\n<p><strong>5 &#8211; Os registros cont\u00e1beis devem ser segregados de forma que permitam a apura\u00e7\u00e3o das informa\u00e7\u00f5es para presta\u00e7\u00e3o de contas exigidas por \u00f3rg\u00e3os governamentais e usu\u00e1rios em geral.<\/strong><\/p>\n<p><strong>COMPROVANTES CONT\u00c1BEIS, REVESTIDOS DE FORMALIDADES LEGAIS<\/strong><\/p>\n<p><strong>ORIGINAL<\/strong><\/p>\n<ol>\n<li><strong>a) Notas fiscais de compras (serie NFC e. Nf e.)<\/strong><\/li>\n<li><strong>b) Cupom Fiscal com mercadorias detalhada<\/strong><\/li>\n<li><strong>c) Recibos etc.<\/strong><\/li>\n<\/ol>\n<p>QUAL O TEMPO DE GUARDA DOS DOCUMENTOS CONT\u00c1BEIS<br \/>\n(PER\u00cdODO PRESCRICIONAL):<\/p>\n<ul>\n<li><strong>IPTU, IRRF, PIS &#8230;&#8230;&#8230;&#8230;&#8230;&#8230;&#8230;&#8230;&#8230;&#8230;&#8230;&#8230;&#8230;&#8230;&#8230;&#8230;. 5 ANOS<\/strong><\/li>\n<li><strong>INSS vital\u00edcio<\/strong><\/li>\n<li><strong>FGTS vital\u00edcio<\/strong><\/li>\n<li><strong>Folha de pagamento: recomenda-se 35 anos <\/strong><\/li>\n<li><strong>Recibos de proventos pastorais recomenda-se 35 anos <\/strong><\/li>\n<li><strong>Comprovantes de receitas e despesas: acima de 5 ANOS<\/strong><\/li>\n<li><strong>Notas fiscais de Bens do Ativo Permanente (Imobilizado). Enquanto o bem permanecer como propriedade da igreja, ainda que totalmente obsoleto ou depreciado. <\/strong><\/li>\n<\/ul>\n<p><strong>O PASTOR E OS TRIBUTOS INCIDENTES SOBRE A PREBENDA, LEI 10.170 29\/12\/2000<\/strong><\/p>\n<p><strong>Acrescenta par\u00e1grafos ao art. 22 da Lei n<u><sup>o<\/sup><\/u> 8.212, de 24 de julho de 1991, dispensando as institui\u00e7\u00f5es religiosas do recolhimento da contribui\u00e7\u00e3o previdenci\u00e1ria incidente sobre o valor pago aos ministros de confiss\u00e3o religiosa, membros de instituto de vida consagrada, de congrega\u00e7\u00e3o ou de ordem religiosa.<\/strong><\/p>\n<ul>\n<li><strong>13. N\u00e3o se considera como remunera\u00e7\u00e3o direta ou indireta, para os efeitos desta Lei, os valores despendidos pelas entidades religiosas e institui\u00e7\u00f5es de ensino vocacional com ministro de confiss\u00e3o religiosa, membros de instituto de vida consagrada, de congrega\u00e7\u00e3o ou de ordem religiosa em face do seu mister religioso ou para sua subsist\u00eancia desde que fornecidos em condi\u00e7\u00f5es que independam da natureza e da quantidade do trabalho executado<\/strong>.&#8221;<\/li>\n<\/ul>\n<p>COMPROVA\u00c7\u00c3O DE RENDA DO PASTOR<\/p>\n<p><strong>Assim, orientamos aos pastores que, al\u00e9m de comprovar o recebimento das suas prebendas por RPCI (Recibo de Pagamento a Contribuinte Individual), apresentar a GPS com o valor correspondente a 20% sobre a prebenda recolhido ao INSS (j\u00e1 que no RPCI n\u00e3o tem o desconto por n\u00e3o ser a igreja respons\u00e1vel por isso e sim o pastor individualmente), como tamb\u00e9m o Imposto de Renda Retido na Fonte se for o caso<\/strong>.<\/p>\n<p><strong>Estudando Or\u00e7amento<\/strong><br \/>\n\u201cPois qual de v\u00f3s querendo edificar uma torre, n\u00e3o se assenta primeiro a fazer as contas dos gastos, para ver se tem com que acabar?\u201d<strong>Lc:14.28<\/strong><\/p>\n<ul>\n<li><strong>O que \u00e9 um Or\u00e7amento \u2013 <\/strong>\u00e9 calcular previamente as receitas e despesas da igreja.<\/li>\n<\/ul>\n<p><strong>\u00a0\u00a0\u00a0\u00a0\u00a0\u00a0\u00a0\u00a0\u00a0\u00a0\u00a0\u00a0\u00a0\u00a0\u00a0\u00a0\u00a0\u00a0 O Or\u00e7amento se dividi em tr\u00eas etapas:<\/strong><\/p>\n<p><strong>1\u00aa &#8211; Sua Previs\u00e3o \u2013<\/strong> Prev\u00ea quanto de receita irar obter, e Despesas irar gastar em determinado per\u00edodo.<\/p>\n<p><strong>2\u00aa &#8211; Sua Execu\u00e7\u00e3o \u2013<\/strong> depois de aprovado o or\u00e7amento pela igreja, iremos alocar os gastos com o\u00a0 planejamento da igreja.<\/p>\n<p><strong>3\u00aa &#8211; Sua Avalia\u00e7\u00e3o \u2013 <\/strong>\u00e9 o comportamento financeiro da igreja, onde comparamos as contas or\u00e7adas com o que efetivamente ocorre.<\/p>\n<p><strong>Estudando o Or\u00e7amento<br \/>\n<\/strong>Planejamento Estrat\u00e9gicos de Atividades<br \/>\nMinist\u00e9rio com Casais<\/p>\n<p>Atividade: Encontro C\/Casais<\/p>\n<p>Objetivo: Promover um dia de estudo, lazer, comunh\u00e3o, intercess\u00e3o entre o casais casados e de namorados.<\/p>\n<p>Estrat\u00e9gia: Vender convites para ajudar na obten\u00e7\u00e3o de fundos para realizar \u00e0 atividade.<\/p>\n<p>Valor; do Convite\u00a0 R$ 100,00<\/p>\n<p>N\u00ba de Casais, 50<\/p>\n<p>Local: ABA<\/p>\n<p>Data: 04\/02\/2018<\/p>\n<p>Hor\u00e1rio: 09:00 as 17:00h<\/p>\n<p>Custo da Atividade:<\/p>\n<ul>\n<li>Aluguel do local 400,00<\/li>\n<li>Transporte \u00a0\u00a0\u00a0 200,00<\/li>\n<li>Alimenta\u00e7\u00e3o \u00a0\u00a0 30,00 p queimadoor casal<\/li>\n<\/ul>\n<p><strong>Igreja Batista em Caracol Queimado \u2013 Or\u00e7amento de Janeiro\/08<\/strong><\/p>\n<p><strong>\u00a0\u00a0\u00a0\u00a0\u00a0\u00a0\u00a0\u00a0\u00a0\u00a0\u00a0\u00a0\u00a0\u00a0\u00a0\u00a0\u00a0\u00a0\u00a0\u00a0\u00a0\u00a0\u00a0\u00a0\u00a0\u00a0\u00a0\u00a0\u00a0\u00a0\u00a0\u00a0\u00a0\u00a0\u00a0\u00a0\u00a0\u00a0\u00a0\u00a0\u00a0\u00a0\u00a0\u00a0\u00a0\u00a0 \u00a0<\/strong><\/p>\n<p><strong>OR\u00c7ADO\u00a0\u00a0\u00a0\u00a0\u00a0\u00a0\u00a0\u00a0\u00a0\u00a0\u00a0\u00a0\u00a0\u00a0\u00a0\u00a0\u00a0\u00a0\u00a0\u00a0\u00a0\u00a0\u00a0 \u00a0\u00a0\u00a0\u00a0\u00a0\u00a0\u00a0\u00a0\u00a0\u00a0\u00a0\u00a0\u00a0\u00a0\u00a0\u00a0\u00a0\u00a0\u00a0\u00a0\u00a0\u00a0\u00a0\u00a0\u00a0\u00a0\u00a0\u00a0\u00a0\u00a0\u00a0\u00a0\u00a0\u00a0\u00a0 \u00a0\u00a0REALIZADO<\/strong><\/p>\n<p><strong>RECEITAS<\/strong>\u00a0\u00a0\u00a0\u00a0\u00a0 Mensal\u00a0 <strong>\u00a0\u00a0\u00a0\u00a0Anual\u00a0\u00a0\u00a0\u00a0\u00a0\u00a0\u00a0\u00a0 Mensal\u00a0\u00a0 Acumulado\u00a0\u00a0 Resultado<\/strong><\/p>\n<p>D\u00edzimos\u00a0\u00a0\u00a0\u00a0\u00a0\u00a0\u00a0\u00a0\u00a0 1.000,00\u00a0\u00a0\u00a0\u00a0 12.000,00\u00a0\u00a0 1.100,00\u00a0\u00a0 1.100,00\u00a0\u00a0\u00a0\u00a0 (10.900,000)<\/p>\n<p>Of.Const.\u00a0\u00a0\u00a0\u00a0\u00a0\u00a0\u00a0\u00a0\u00a0 500,00\u00a0\u00a0\u00a0\u00a0\u00a0\u00a0\u00a0 6.000,00\u00a0\u00a0\u00a0\u00a0\u00a0 300,00\u00a0\u00a0\u00a0\u00a0\u00a0 300,00\u00a0\u00a0\u00a0\u00a0\u00a0\u00a0 ( 5.700,00)<\/p>\n<p>Of.Miss\u00f5es\u00a0\u00a0\u00a0\u00a0\u00a0\u00a0 200,00\u00a0\u00a0\u00a0\u00a0\u00a0\u00a0\u00a0 2.400,00\u00a0\u00a0\u00a0\u00a0\u00a0 250,00\u00a0\u00a0\u00a0\u00a0\u00a0 250,00\u00a0\u00a0\u00a0\u00a0\u00a0\u00a0\u00a0\u00a0\u00a0\u00a0 (250,00)<\/p>\n<p><strong> Receitas 1.700,00 20,400,00\u00a0\u00a0 1.650,00\u00a0\u00a0 1.650,00\u00a0\u00a0\u00a0\u00a0\u00a0 (18.750,00<\/strong>)<\/p>\n<p><strong>DESPESAS\u00a0\u00a0\u00a0\u00a0 Mensal\u00a0\u00a0\u00a0\u00a0\u00a0 Anual\u00a0\u00a0\u00a0\u00a0\u00a0\u00a0\u00a0\u00a0 Mensal\u00a0\u00a0 Acumulado\u00a0 Resultado<\/strong><\/p>\n<p>\u00c1gua\u00a0\u00a0\u00a0\u00a0\u00a0\u00a0\u00a0\u00a0\u00a0\u00a0\u00a0\u00a0\u00a0\u00a0\u00a0\u00a0\u00a0\u00a0 30,00\u00a0\u00a0\u00a0\u00a0\u00a0\u00a0\u00a0\u00a0\u00a0 360,00\u00a0\u00a0\u00a0\u00a0\u00a0\u00a0 25,00\u00a0\u00a0\u00a0\u00a0\u00a0\u00a0\u00a0\u00a0 25,00\u00a0\u00a0\u00a0\u00a0\u00a0\u00a0\u00a0\u00a0\u00a0 ( 335,00)<\/p>\n<p>Luz \u00a0\u00a0\u00a0\u00a0\u00a0\u00a0\u00a0\u00a0\u00a0\u00a0\u00a0\u00a0\u00a0\u00a0\u00a0\u00a0\u00a0\u00a0\u00a0\u00a0\u00a0\u00a0\u00a0 \u00a0\u00a0\u00a0\u00a0\u00a0\u00a0\u00a0\u00a075,00\u00a0\u00a0 \u00a0\u00a0\u00a0\u00a0\u00a0\u00a0\u00a0900,00\u00a0\u00a0\u00a0\u00a0\u00a0\u00a0 80,00\u00a0\u00a0\u00a0\u00a0\u00a0\u00a0\u00a0\u00a0 80,00\u00a0\u00a0\u00a0\u00a0\u00a0\u00a0\u00a0\u00a0\u00a0 ( 720,00)<\/p>\n<p>Miss\u00f5es\u00a0\u00a0\u00a0\u00a0\u00a0\u00a0\u00a0\u00a0\u00a0\u00a0\u00a0 200,00\u00a0\u00a0\u00a0\u00a0\u00a0\u00a0 2.400,00\u00a0\u00a0\u00a0\u00a0 250,00\u00a0\u00a0\u00a0\u00a0\u00a0\u00a0 250,00\u00a0\u00a0\u00a0\u00a0\u00a0\u00a0\u00a0 (2.150,00)<\/p>\n<p>Pastoral\u00a0\u00a0\u00a0\u00a0\u00a0\u00a0\u00a0\u00a0\u00a0\u00a0\u00a0 725,00\u00a0\u00a0\u00a0\u00a0\u00a0\u00a0 8.700,00\u00a0\u00a0\u00a0\u00a0 725,00\u00a0\u00a0\u00a0\u00a0\u00a0\u00a0 725,00\u00a0\u00a0\u00a0\u00a0\u00a0\u00a0\u00a0 (7.975,00)<\/p>\n<p>Constru\u00e7\u00e3o\u00a0\u00a0\u00a0\u00a0\u00a0\u00a0 500,00\u00a0\u00a0\u00a0\u00a0\u00a0\u00a0 6.000,00\u00a0\u00a0\u00a0\u00a0 300,00\u00a0\u00a0\u00a0\u00a0\u00a0\u00a0 300,00\u00a0\u00a0\u00a0\u00a0\u00a0\u00a0\u00a0 (5.700,00)<\/p>\n<p>Plano Coop.\u00a0\u00a0\u00a0\u00a0\u00a0 100,00\u00a0\u00a0\u00a0\u00a0\u00a0 1.200,00\u00a0\u00a0\u00a0\u00a0 100,00\u00a0\u00a0\u00a0\u00a0\u00a0\u00a0 100,00\u00a0\u00a0\u00a0\u00a0\u00a0\u00a0\u00a0 (1.100,00)<\/p>\n<p>Mat.Expediente\u00a0\u00a0 70,00\u00a0\u00a0\u00a0\u00a0\u00a0\u00a0\u00a0\u00a0 840,00\u00a0\u00a0\u00a0\u00a0\u00a0\u00a0 50,00\u00a0\u00a0\u00a0\u00a0\u00a0\u00a0\u00a0\u00a0 50,00\u00a0\u00a0\u00a0\u00a0\u00a0\u00a0\u00a0\u00a0\u00a0\u00a0 (790,00)<\/p>\n<p><strong> Despesas 1.070,00 20.400,00\u00a0 1.530,00\u00a0\u00a0\u00a0 1.530,00\u00a0\u00a0\u00a0\u00a0\u00a0 (18.870,00)<\/strong><strong>\u00a0 \u00a0 \u00a0 \u00a0 \u00a0 \u00a0 \u00a0 \u00a0 \u00a0 \u00a0 \u00a0 \u00a0 \u00a0 \u00a0 \u00a0 \u00a0 \u00a0 \u00a0 \u00a0 \u00a0 \u00a0 \u00a0 \u00a0 \u00a0 \u00a0 \u00a0 \u00a0 \u00a0 \u00a0 \u00a0 \u00a0 \u00a0 \u00a0 \u00a0 \u00a0 \u00a0 \u00a0 \u00a0<\/strong><\/p>\n<p><strong>OBRIGADO<\/strong><\/p>\n<p><strong>JOSE RIBAMAR FERRAZ BECKMAN<\/strong><\/p>\n<p><strong>EMAIL: <a href=\"mailto:jr.beckman@uol.com.br\">jr.beckman@uol.com.br<\/a><\/strong><\/p>\n<p><strong>Celular: 98 99618-1801<\/strong><\/p>\n<p>&nbsp;<\/p>\n","protected":false},"excerpt":{"rendered":"<p>ADMINISTRA\u00c7\u00c3O FINANCEIRA PARA IGREJAS Administra\u00e7\u00e3o Financeira para Igreja \u00e9 como desempenhar atividades tais como: a) Revis\u00e3o e avali\u00e7\u00e3o da aplica\u00e7\u00e3o dos controles internos, financeiros e operacionais; b) Determinar qu\u00e3o dignos de confian\u00e7a s\u00e3o as informa\u00e7\u00f5es e dados apresentados dentro da Igreja; c) Avaliar a qualidade alcan\u00e7ada na execu\u00e7\u00e3o de tarefas determinadas para o cumprimento das [&hellip;]<\/p>\n","protected":false},"author":2,"featured_media":0,"parent":0,"menu_order":0,"comment_status":"closed","ping_status":"closed","template":"","meta":{"_themeisle_gutenberg_block_has_review":false,"footnotes":""},"class_list":["post-2735","page","type-page","status-publish"],"_links":{"self":[{"href":"https:\/\/batista-ma.org.br\/index.php?rest_route=\/wp\/v2\/pages\/2735"}],"collection":[{"href":"https:\/\/batista-ma.org.br\/index.php?rest_route=\/wp\/v2\/pages"}],"about":[{"href":"https:\/\/batista-ma.org.br\/index.php?rest_route=\/wp\/v2\/types\/page"}],"author":[{"embeddable":true,"href":"https:\/\/batista-ma.org.br\/index.php?rest_route=\/wp\/v2\/users\/2"}],"replies":[{"embeddable":true,"href":"https:\/\/batista-ma.org.br\/index.php?rest_route=%2Fwp%2Fv2%2Fcomments&post=2735"}],"version-history":[{"count":1,"href":"https:\/\/batista-ma.org.br\/index.php?rest_route=\/wp\/v2\/pages\/2735\/revisions"}],"predecessor-version":[{"id":2737,"href":"https:\/\/batista-ma.org.br\/index.php?rest_route=\/wp\/v2\/pages\/2735\/revisions\/2737"}],"wp:attachment":[{"href":"https:\/\/batista-ma.org.br\/index.php?rest_route=%2Fwp%2Fv2%2Fmedia&parent=2735"}],"curies":[{"name":"wp","href":"https:\/\/api.w.org\/{rel}","templated":true}]}}