{"id":2506,"date":"2020-03-02T14:22:46","date_gmt":"2020-03-02T17:22:46","guid":{"rendered":"http:\/\/batista-ma.org.br\/?page_id=2506"},"modified":"2020-03-02T15:16:52","modified_gmt":"2020-03-02T18:16:52","slug":"lencois-relatorio-2019","status":"publish","type":"page","link":"https:\/\/batista-ma.org.br\/?page_id=2506","title":{"rendered":"LEN\u00c7\u00d3IS &#8211; RELAT\u00d3RIO -2019"},"content":{"rendered":"<p><strong>N\u00daMERO DE IGREJAS FILIADAS AT\u00c9 DEZEMBRO DE 2019 -&#8230;&#8230;&#8230;&#8230;&#8230;&#8230;&#8230;&#8230;&#8230;&#8230;&#8230;&#8230;&#8230;&#8230;&#8230;&#8230;&#8230;&#8230;.17\u00a0 \u00a0IGREJAS<\/strong><\/p>\n<p><strong>N\u00daMERO DE CONGREGA\u00c7\u00d5ES FILIADAS AT\u00c9 DEZEMBRO DE 2019 -&#8230;&#8230;&#8230;&#8230;&#8230;&#8230;&#8230;&#8230;&#8230;&#8230;&#8230;&#8230;&#8230;..08.\u00a0 CONGREGA\u00c7\u00d5ES<\/strong><\/p>\n<p><strong>N\u00daMERO DE FRENTE MISSION\u00c1RIA CADASTRADA AT\u00c9 DEZEMBRO DE 2019- &#8230;&#8230;&#8230;&#8230;&#8230;&#8230;&#8230;&#8230;01\u00a0 FRENTE MISSION\u00c1RIA<\/strong><\/p>\n<p>&nbsp;<\/p>\n<p><strong>RECEITAS E DESPEZAS DE ABRIL A DEZEMBRO DE 2019 (RESUMO) <\/strong><\/p>\n<p><strong>RECEITA-&#8230;&#8230;&#8230;&#8230;&#8230;&#8230;&#8230;&#8230;&#8230;&#8230;&#8230;&#8230;&#8230;&#8230;&#8230;&#8230;&#8230;&#8230;&#8230;&#8230;&#8230;&#8230;&#8230;&#8230;&#8230;&#8230;&#8230;&#8230;&#8230;&#8230;&#8230;&#8230;&#8230;&#8230;&#8230;&#8230;.. R$ 35 489,25<\/strong><\/p>\n<p><strong>SALDO ANTERIOR-&#8230;&#8230;&#8230;&#8230;&#8230;&#8230;&#8230;&#8230;&#8230;&#8230;&#8230;&#8230;&#8230;&#8230;&#8230;&#8230;&#8230;&#8230;&#8230;&#8230;&#8230;&#8230;&#8230;&#8230;&#8230;&#8230;&#8230;&#8230;&#8230;&#8230;&#8230;. R$\u00a0 246,17\u00a0\u00a0<\/strong><\/p>\n<p><strong>TOTAL DE RECEITA-&#8230;&#8230;&#8230;&#8230;&#8230;&#8230;&#8230;&#8230;&#8230;&#8230;&#8230;&#8230;&#8230;&#8230;&#8230;&#8230;&#8230;&#8230;&#8230;&#8230;&#8230;&#8230;&#8230;&#8230;&#8230;&#8230;&#8230;&#8230;&#8230;&#8230;&#8230; R$ 35 735,42<\/strong><\/p>\n<p><strong>TOTAL DE DESPEZAS-&#8230;&#8230;&#8230;&#8230;&#8230;&#8230;&#8230;&#8230;&#8230;&#8230;&#8230;&#8230;&#8230;&#8230;&#8230;&#8230;&#8230;&#8230;&#8230;&#8230;&#8230;&#8230;&#8230;&#8230;&#8230;&#8230;&#8230;&#8230;&#8230;.. R$ 34 738,30<\/strong><\/p>\n<p><strong>SALDO NO PER\u00cdODO-&#8230;&#8230;&#8230;&#8230;&#8230;&#8230;&#8230;&#8230;&#8230;&#8230;&#8230;&#8230;&#8230;&#8230;&#8230;&#8230;&#8230;&#8230;&#8230;&#8230;&#8230;&#8230;&#8230;&#8230;&#8230;&#8230;&#8230;&#8230;&#8230;&#8230; R$\u00a0 997,12\u00a0<\/strong><\/p>\n<p>&nbsp;<\/p>\n<p><strong>IGREJAS<\/strong><\/p>\n<p><strong>PLANO COOPERATIVO- ENTRADAS DE ABR A DEZ DE 2019&#8230;&#8230;&#8230;&#8230;&#8230;&#8230;&#8230;&#8230;&#8230;R$ 21 530,50<\/strong><\/p>\n<p><strong>SIM- ENTRADA DE JAN A DEZ DE 2019&#8230;&#8230;&#8230;&#8230;&#8230;&#8230;&#8230;&#8230;&#8230;&#8230;&#8230;&#8230;&#8230;&#8230;&#8230;&#8230;&#8230;&#8230;&#8230;&#8230;..R$ 4 454,75<\/strong><\/p>\n<p>&nbsp;<\/p>\n<p><strong>CONGREGA\u00c7\u00d5ES<\/strong><\/p>\n<p><strong>PLANO COOPERATIVO- ENTRADAS DE JAN A DEZ DE 2019&#8230;&#8230;&#8230;&#8230;&#8230;&#8230;&#8230;&#8230;&#8230;&#8230;.R$ 4 428,45<\/strong><\/p>\n<p><strong>SIM- ENTRADA DE JAN A DEZ DE 2019&#8230;&#8230;&#8230;&#8230;&#8230;&#8230;&#8230;&#8230;&#8230;&#8230;&#8230;&#8230;&#8230;&#8230;&#8230;&#8230;&#8230;&#8230;&#8230;&#8230;&#8230;&#8230;&#8230;R$ 965,05<\/strong><\/p>\n<p>&nbsp;<\/p>\n<p><strong>CONV\u00caNIOS REALIZADOS &#8211; ABR A DEZ DE 2019-<\/strong><\/p>\n<p><strong>AP\u00d4IOS REALIZADOS &#8211; ABR A DEZ DE 2019O-<\/strong><\/p>\n<p><strong>AUXILIOS REALIZADOS &#8211; ABR A DEZ DE 2019-<\/strong><\/p>\n<p><strong>VALOR INVESTIDO EM MISS\u00d5ES&#8230;&#8230;&#8230;&#8230;&#8230;&#8230;&#8230;&#8230;&#8230;&#8230;&#8230;&#8230;&#8230;R$ 11 692,16&#8230;&#8230;&#8230;&#8230;&#8230;&#8230;&#8230;32,718%<\/strong><\/p>\n","protected":false},"excerpt":{"rendered":"<p>N\u00daMERO DE IGREJAS FILIADAS AT\u00c9 DEZEMBRO DE 2019 -&#8230;&#8230;&#8230;&#8230;&#8230;&#8230;&#8230;&#8230;&#8230;&#8230;&#8230;&#8230;&#8230;&#8230;&#8230;&#8230;&#8230;&#8230;.17\u00a0 \u00a0IGREJAS N\u00daMERO DE CONGREGA\u00c7\u00d5ES FILIADAS AT\u00c9 DEZEMBRO DE 2019 -&#8230;&#8230;&#8230;&#8230;&#8230;&#8230;&#8230;&#8230;&#8230;&#8230;&#8230;&#8230;&#8230;..08.\u00a0 CONGREGA\u00c7\u00d5ES N\u00daMERO DE FRENTE MISSION\u00c1RIA CADASTRADA AT\u00c9 DEZEMBRO DE 2019- &#8230;&#8230;&#8230;&#8230;&#8230;&#8230;&#8230;&#8230;01\u00a0 FRENTE MISSION\u00c1RIA &nbsp; RECEITAS E DESPEZAS DE ABRIL A DEZEMBRO DE 2019 (RESUMO) RECEITA-&#8230;&#8230;&#8230;&#8230;&#8230;&#8230;&#8230;&#8230;&#8230;&#8230;&#8230;&#8230;&#8230;&#8230;&#8230;&#8230;&#8230;&#8230;&#8230;&#8230;&#8230;&#8230;&#8230;&#8230;&#8230;&#8230;&#8230;&#8230;&#8230;&#8230;&#8230;&#8230;&#8230;&#8230;&#8230;&#8230;.. R$ 35 489,25 SALDO ANTERIOR-&#8230;&#8230;&#8230;&#8230;&#8230;&#8230;&#8230;&#8230;&#8230;&#8230;&#8230;&#8230;&#8230;&#8230;&#8230;&#8230;&#8230;&#8230;&#8230;&#8230;&#8230;&#8230;&#8230;&#8230;&#8230;&#8230;&#8230;&#8230;&#8230;&#8230;&#8230;. R$\u00a0 246,17\u00a0\u00a0 TOTAL DE RECEITA-&#8230;&#8230;&#8230;&#8230;&#8230;&#8230;&#8230;&#8230;&#8230;&#8230;&#8230;&#8230;&#8230;&#8230;&#8230;&#8230;&#8230;&#8230;&#8230;&#8230;&#8230;&#8230;&#8230;&#8230;&#8230;&#8230;&#8230;&#8230;&#8230;&#8230;&#8230; R$ [&hellip;]<\/p>\n","protected":false},"author":2,"featured_media":0,"parent":0,"menu_order":0,"comment_status":"closed","ping_status":"closed","template":"","meta":{"_themeisle_gutenberg_block_has_review":false,"footnotes":""},"class_list":["post-2506","page","type-page","status-publish"],"_links":{"self":[{"href":"https:\/\/batista-ma.org.br\/index.php?rest_route=\/wp\/v2\/pages\/2506"}],"collection":[{"href":"https:\/\/batista-ma.org.br\/index.php?rest_route=\/wp\/v2\/pages"}],"about":[{"href":"https:\/\/batista-ma.org.br\/index.php?rest_route=\/wp\/v2\/types\/page"}],"author":[{"embeddable":true,"href":"https:\/\/batista-ma.org.br\/index.php?rest_route=\/wp\/v2\/users\/2"}],"replies":[{"embeddable":true,"href":"https:\/\/batista-ma.org.br\/index.php?rest_route=%2Fwp%2Fv2%2Fcomments&post=2506"}],"version-history":[{"count":4,"href":"https:\/\/batista-ma.org.br\/index.php?rest_route=\/wp\/v2\/pages\/2506\/revisions"}],"predecessor-version":[{"id":2519,"href":"https:\/\/batista-ma.org.br\/index.php?rest_route=\/wp\/v2\/pages\/2506\/revisions\/2519"}],"wp:attachment":[{"href":"https:\/\/batista-ma.org.br\/index.php?rest_route=%2Fwp%2Fv2%2Fmedia&parent=2506"}],"curies":[{"name":"wp","href":"https:\/\/api.w.org\/{rel}","templated":true}]}}