{"id":2377,"date":"2020-02-28T16:21:47","date_gmt":"2020-02-28T19:21:47","guid":{"rendered":"http:\/\/batista-ma.org.br\/?page_id=2377"},"modified":"2020-03-13T13:42:37","modified_gmt":"2020-03-13T16:42:37","slug":"associacao-do-turi-relatorio-2019","status":"publish","type":"page","link":"https:\/\/batista-ma.org.br\/?page_id=2377","title":{"rendered":"TURI -RELAT\u00d3RIO -2019"},"content":{"rendered":"<p><strong>N\u00daMERO DE IGREJAS FILIADAS AT\u00c9 DEZEMBRO DE 2019 -&#8230;&#8230;&#8230;&#8230;&#8230;&#8230;&#8230;&#8230;&#8230;&#8230;&#8230;&#8230;&#8230;&#8230;&#8230;&#8230;&#8230;&#8230;.06\u00a0 \u00a0IGREJAS<\/strong><\/p>\n<p><strong>N\u00daMERO DE CONGREGA\u00c7\u00d5ES FILIADAS AT\u00c9 DEZEMBRO DE 2019 -&#8230;&#8230;&#8230;&#8230;&#8230;&#8230;&#8230;&#8230;&#8230;&#8230;&#8230;&#8230;&#8230;..09\u00a0 CONGREGA\u00c7\u00d5ES<\/strong><\/p>\n<p><strong>N\u00daMERO DE FRENTE MISSION\u00c1RIA CADASTRADA AT\u00c9 DEZEMBRO DE 2019- &#8230;&#8230;&#8230;&#8230;&#8230;&#8230;&#8230;..00. FRENTE MISSION\u00c1RIA<\/strong><\/p>\n<p>&nbsp;<\/p>\n<p><strong>RECEITAS E DESPEZAS DE JANEIRO A DEZEMBRO DE 2019 (RESUMO) <\/strong><\/p>\n<p><strong>RECEITA-&#8230;&#8230;&#8230;&#8230;&#8230;&#8230;&#8230;&#8230;&#8230;&#8230;&#8230;&#8230;&#8230;&#8230;&#8230;&#8230;&#8230;&#8230;&#8230;&#8230;&#8230;&#8230;&#8230;&#8230;&#8230;&#8230;&#8230;&#8230;&#8230;&#8230;&#8230;&#8230;&#8230;&#8230;&#8230;&#8230;.. R$\u00a0<\/strong><\/p>\n<p><strong>SALDO ANTERIOR-&#8230;&#8230;&#8230;&#8230;&#8230;&#8230;&#8230;&#8230;&#8230;&#8230;&#8230;&#8230;&#8230;&#8230;&#8230;&#8230;&#8230;&#8230;&#8230;&#8230;&#8230;&#8230;&#8230;&#8230;&#8230;&#8230;&#8230;&#8230;&#8230;&#8230;&#8230;. R$\u00a0 \u00a0\u00a0<\/strong><\/p>\n<p><strong>TOTAL DE RECEITA-&#8230;&#8230;&#8230;&#8230;&#8230;&#8230;&#8230;&#8230;&#8230;&#8230;&#8230;&#8230;&#8230;&#8230;&#8230;&#8230;&#8230;&#8230;&#8230;&#8230;&#8230;&#8230;&#8230;&#8230;&#8230;&#8230;&#8230;&#8230;&#8230;&#8230;&#8230; R$\u00a0<\/strong><\/p>\n<p><strong>TOTAL DE DESPEZAS-&#8230;&#8230;&#8230;&#8230;&#8230;&#8230;&#8230;&#8230;&#8230;&#8230;&#8230;&#8230;&#8230;&#8230;&#8230;&#8230;&#8230;&#8230;&#8230;&#8230;&#8230;&#8230;&#8230;&#8230;&#8230;&#8230;&#8230;&#8230;&#8230;.. R$\u00a0<\/strong><\/p>\n<p><strong>SALDO NO PER\u00cdODO-&#8230;&#8230;&#8230;&#8230;&#8230;&#8230;&#8230;&#8230;&#8230;&#8230;&#8230;&#8230;&#8230;&#8230;&#8230;&#8230;&#8230;&#8230;&#8230;&#8230;&#8230;&#8230;&#8230;&#8230;&#8230;&#8230;&#8230;&#8230;&#8230;&#8230; R$\u00a0 \u00a0<\/strong><\/p>\n<p>&nbsp;<\/p>\n<p><strong>IGREJAS<\/strong><\/p>\n<p><strong>PLANO COOPERATIVO- ENTRADAS DE JAN A DEZ DE 2019&#8230;&#8230;&#8230;&#8230;&#8230;&#8230;&#8230;&#8230;&#8230;R$\u00a0<\/strong><\/p>\n<p><strong>SIM- ENTRADA DE JAN A DEZ DE 2019&#8230;&#8230;&#8230;&#8230;&#8230;&#8230;&#8230;&#8230;&#8230;&#8230;&#8230;&#8230;&#8230;&#8230;&#8230;&#8230;&#8230;&#8230;&#8230;&#8230;..R$\u00a0 \u00a0<\/strong><\/p>\n<p>&nbsp;<\/p>\n<p><strong>CONGREGA\u00c7\u00d5ES<\/strong><\/p>\n<p><strong>PLANO COOPERATIVO- ENTRADAS DE JAN A DEZ DE 2019&#8230;&#8230;&#8230;&#8230;&#8230;&#8230;&#8230;&#8230;&#8230;&#8230;.R$ 7 983,75\u00a0\u00a0<\/strong><\/p>\n<p><strong>SIM- ENTRADA DE JAN A DEZ DE 2019&#8230;&#8230;&#8230;&#8230;&#8230;&#8230;&#8230;&#8230;&#8230;&#8230;&#8230;&#8230;&#8230;&#8230;&#8230;&#8230;&#8230;&#8230;&#8230;&#8230;&#8230;&#8230;R$ 1 193,50\u00a0 \u00a0\u00a0<\/strong><\/p>\n<p>&nbsp;<\/p>\n<p><strong>CONV\u00caNIOS REALIZADOS &#8211; JAN A DEZ DE 2019 &#8230;&#8230;&#8230;&#8230;&#8230;&#8230;&#8230;&#8230;&#8230;&#8230;&#8230;&#8230;&#8230;&#8230;&#8230;&#8230;&#8230;&#8230;&#8230;&#8230;&#8230;&#8230;..06<\/strong><\/p>\n<p><strong>AP\u00d4IOS REALIZADOS &#8211; JAN A DEZ DE 2019O&#8230;&#8230;&#8230;&#8230;&#8230;&#8230;&#8230;&#8230;&#8230;&#8230;&#8230;&#8230;&#8230;&#8230;&#8230;&#8230;&#8230;&#8230;&#8230;&#8230;&#8230;&#8230;&#8230;&#8230;..19<\/strong><\/p>\n<p><strong>AUXILIOS REALIZADOS &#8211; JAN A DEZ DE 2019&#8230;&#8230;&#8230;&#8230;&#8230;&#8230;&#8230;&#8230;&#8230;&#8230;&#8230;&#8230;&#8230;&#8230;&#8230;&#8230;&#8230;&#8230;&#8230;&#8230;&#8230;&#8230;&#8230;&#8230;..03<\/strong><\/p>\n<p><strong>VALOR INVESTIDO&#8230;&#8230;&#8230;&#8230;&#8230;&#8230;&#8230;&#8230;&#8230;&#8230;&#8230;&#8230;&#8230;&#8230;&#8230;&#8230;&#8230;&#8230;&#8230;&#8230;R$ 101 363,45&#8230;&#8230;&#8230;&#8230;&#8230;&#8230;&#8230;.\u00a0 \u00a0 27,010%<\/strong><\/p>\n","protected":false},"excerpt":{"rendered":"<p>N\u00daMERO DE IGREJAS FILIADAS AT\u00c9 DEZEMBRO DE 2019 -&#8230;&#8230;&#8230;&#8230;&#8230;&#8230;&#8230;&#8230;&#8230;&#8230;&#8230;&#8230;&#8230;&#8230;&#8230;&#8230;&#8230;&#8230;.06\u00a0 \u00a0IGREJAS N\u00daMERO DE CONGREGA\u00c7\u00d5ES FILIADAS AT\u00c9 DEZEMBRO DE 2019 -&#8230;&#8230;&#8230;&#8230;&#8230;&#8230;&#8230;&#8230;&#8230;&#8230;&#8230;&#8230;&#8230;..09\u00a0 CONGREGA\u00c7\u00d5ES N\u00daMERO DE FRENTE MISSION\u00c1RIA CADASTRADA AT\u00c9 DEZEMBRO DE 2019- &#8230;&#8230;&#8230;&#8230;&#8230;&#8230;&#8230;..00. FRENTE MISSION\u00c1RIA &nbsp; RECEITAS E DESPEZAS DE JANEIRO A DEZEMBRO DE 2019 (RESUMO) RECEITA-&#8230;&#8230;&#8230;&#8230;&#8230;&#8230;&#8230;&#8230;&#8230;&#8230;&#8230;&#8230;&#8230;&#8230;&#8230;&#8230;&#8230;&#8230;&#8230;&#8230;&#8230;&#8230;&#8230;&#8230;&#8230;&#8230;&#8230;&#8230;&#8230;&#8230;&#8230;&#8230;&#8230;&#8230;&#8230;&#8230;.. R$\u00a0 SALDO ANTERIOR-&#8230;&#8230;&#8230;&#8230;&#8230;&#8230;&#8230;&#8230;&#8230;&#8230;&#8230;&#8230;&#8230;&#8230;&#8230;&#8230;&#8230;&#8230;&#8230;&#8230;&#8230;&#8230;&#8230;&#8230;&#8230;&#8230;&#8230;&#8230;&#8230;&#8230;&#8230;. R$\u00a0 \u00a0\u00a0 TOTAL DE RECEITA-&#8230;&#8230;&#8230;&#8230;&#8230;&#8230;&#8230;&#8230;&#8230;&#8230;&#8230;&#8230;&#8230;&#8230;&#8230;&#8230;&#8230;&#8230;&#8230;&#8230;&#8230;&#8230;&#8230;&#8230;&#8230;&#8230;&#8230;&#8230;&#8230;&#8230;&#8230; R$\u00a0 TOTAL DE [&hellip;]<\/p>\n","protected":false},"author":2,"featured_media":0,"parent":0,"menu_order":0,"comment_status":"closed","ping_status":"closed","template":"","meta":{"_themeisle_gutenberg_block_has_review":false,"footnotes":""},"class_list":["post-2377","page","type-page","status-publish"],"_links":{"self":[{"href":"https:\/\/batista-ma.org.br\/index.php?rest_route=\/wp\/v2\/pages\/2377"}],"collection":[{"href":"https:\/\/batista-ma.org.br\/index.php?rest_route=\/wp\/v2\/pages"}],"about":[{"href":"https:\/\/batista-ma.org.br\/index.php?rest_route=\/wp\/v2\/types\/page"}],"author":[{"embeddable":true,"href":"https:\/\/batista-ma.org.br\/index.php?rest_route=\/wp\/v2\/users\/2"}],"replies":[{"embeddable":true,"href":"https:\/\/batista-ma.org.br\/index.php?rest_route=%2Fwp%2Fv2%2Fcomments&post=2377"}],"version-history":[{"count":18,"href":"https:\/\/batista-ma.org.br\/index.php?rest_route=\/wp\/v2\/pages\/2377\/revisions"}],"predecessor-version":[{"id":2815,"href":"https:\/\/batista-ma.org.br\/index.php?rest_route=\/wp\/v2\/pages\/2377\/revisions\/2815"}],"wp:attachment":[{"href":"https:\/\/batista-ma.org.br\/index.php?rest_route=%2Fwp%2Fv2%2Fmedia&parent=2377"}],"curies":[{"name":"wp","href":"https:\/\/api.w.org\/{rel}","templated":true}]}}