{"id":2292,"date":"2020-02-27T11:53:51","date_gmt":"2020-02-27T14:53:51","guid":{"rendered":"http:\/\/batista-ma.org.br\/?page_id=2292"},"modified":"2020-03-02T15:41:15","modified_gmt":"2020-03-02T18:41:15","slug":"colegio-batista-relatorios-2019","status":"publish","type":"page","link":"https:\/\/batista-ma.org.br\/?page_id=2292","title":{"rendered":"COLEGIO BATISTA RELAT\u00d3RIOS &#8211; 2019"},"content":{"rendered":"<p><a href=\"https:\/\/batista-ma.org.br\/wp-content\/uploads\/2020\/02\/Relat\u00f3rioGeral-2019_Livro-Mensageiro_part1.pdf\" class=\"pdfemb-viewer\" style=\"\" data-width=\"max\" data-height=\"max\" data-toolbar=\"bottom\" data-toolbar-fixed=\"on\">Relat\u00f3rioGeral 2019_Livro Mensageiro_part1<\/a><a href=\"https:\/\/batista-ma.org.br\/wp-content\/uploads\/2020\/02\/Relat\u00f3rioGeral-2019_Livro-Mensageiro_part2-1.pdf\" class=\"pdfemb-viewer\" style=\"\" data-width=\"max\" data-height=\"max\" data-toolbar=\"bottom\" data-toolbar-fixed=\"on\">Relat\u00f3rioGeral 2019_Livro Mensageiro_part2<\/a><a href=\"https:\/\/batista-ma.org.br\/wp-content\/uploads\/2020\/02\/Relat\u00f3rioGeral-2019_Livro-Mensageiro_part3.pdf\" class=\"pdfemb-viewer\" style=\"\" data-width=\"max\" data-height=\"max\" data-toolbar=\"bottom\" data-toolbar-fixed=\"on\">Relat\u00f3rioGeral 2019_Livro Mensageiro_part3<\/a><a href=\"https:\/\/batista-ma.org.br\/wp-content\/uploads\/2020\/02\/Relat\u00f3rioGeral-2019_Livro-Mensageiro_part5.pdf\" class=\"pdfemb-viewer\" style=\"\" data-width=\"max\" data-height=\"max\" data-toolbar=\"bottom\" data-toolbar-fixed=\"on\">Relat\u00f3rioGeral 2019_Livro Mensageiro_part5<\/a> <a href=\"https:\/\/batista-ma.org.br\/wp-content\/uploads\/2020\/02\/Relat\u00f3rioGeral-2019_Livro-Mensageiro_part6.pdf\" class=\"pdfemb-viewer\" style=\"\" data-width=\"max\" data-height=\"max\" data-toolbar=\"bottom\" data-toolbar-fixed=\"on\">Relat\u00f3rioGeral 2019_Livro Mensageiro_part6<\/a> <a href=\"https:\/\/batista-ma.org.br\/wp-content\/uploads\/2020\/02\/Relat\u00f3rioGeral-2019_Livro-Mensageiro_part7.pdf\" class=\"pdfemb-viewer\" style=\"\" data-width=\"max\" data-height=\"max\" data-toolbar=\"bottom\" data-toolbar-fixed=\"on\">Relat\u00f3rioGeral 2019_Livro Mensageiro_part7<\/a> <a href=\"https:\/\/batista-ma.org.br\/wp-content\/uploads\/2020\/02\/Relat\u00f3rioGeral-2019_Livro-Mensageiro_part8.pdf\" class=\"pdfemb-viewer\" style=\"\" data-width=\"max\" data-height=\"max\" data-toolbar=\"bottom\" data-toolbar-fixed=\"on\">Relat\u00f3rioGeral 2019_Livro Mensageiro_part8<\/a> <a href=\"https:\/\/batista-ma.org.br\/wp-content\/uploads\/2020\/02\/Relat\u00f3rioGeral-2019_Livro-Mensageiro_part9.pdf\" class=\"pdfemb-viewer\" style=\"\" data-width=\"max\" data-height=\"max\" data-toolbar=\"bottom\" data-toolbar-fixed=\"on\">Relat\u00f3rioGeral 2019_Livro Mensageiro_part9<\/a> <a href=\"https:\/\/batista-ma.org.br\/wp-content\/uploads\/2020\/02\/Relat\u00f3rioGeral-2019_Livro-Mensageiro_part10.pdf\" class=\"pdfemb-viewer\" style=\"\" data-width=\"max\" data-height=\"max\" data-toolbar=\"bottom\" data-toolbar-fixed=\"on\">Relat\u00f3rioGeral 2019_Livro Mensageiro_part10<\/a> <a href=\"https:\/\/batista-ma.org.br\/wp-content\/uploads\/2020\/02\/Relat\u00f3rioGeral-2019_Livro-Mensageiro_part11.pdf\" class=\"pdfemb-viewer\" style=\"\" data-width=\"max\" data-height=\"max\" data-toolbar=\"bottom\" data-toolbar-fixed=\"on\">Relat\u00f3rioGeral 2019_Livro Mensageiro_part11<\/a> <a href=\"https:\/\/batista-ma.org.br\/wp-content\/uploads\/2020\/02\/Relat\u00f3rioGeral-2019_Livro-Mensageiro_part12.pdf\" class=\"pdfemb-viewer\" style=\"\" data-width=\"max\" data-height=\"max\" data-toolbar=\"bottom\" data-toolbar-fixed=\"on\">Relat\u00f3rioGeral 2019_Livro Mensageiro_part12<\/a> <a href=\"https:\/\/batista-ma.org.br\/wp-content\/uploads\/2020\/02\/Relat\u00f3rioGeral-2019_Livro-Mensageiro_part13.pdf\" class=\"pdfemb-viewer\" style=\"\" data-width=\"max\" data-height=\"max\" data-toolbar=\"bottom\" data-toolbar-fixed=\"on\">Relat\u00f3rioGeral 2019_Livro Mensageiro_part13<\/a> <a href=\"https:\/\/batista-ma.org.br\/wp-content\/uploads\/2020\/02\/Relat\u00f3rioGeral-2019_Livro-Mensageiro_part14.pdf\" class=\"pdfemb-viewer\" style=\"\" data-width=\"max\" data-height=\"max\" data-toolbar=\"bottom\" data-toolbar-fixed=\"on\">Relat\u00f3rioGeral 2019_Livro Mensageiro_part14<\/a> <a href=\"https:\/\/batista-ma.org.br\/wp-content\/uploads\/2020\/02\/Relat\u00f3rioGeral-2019_Livro-Mensageiro_part15.pdf\" class=\"pdfemb-viewer\" style=\"\" data-width=\"max\" data-height=\"max\" data-toolbar=\"bottom\" data-toolbar-fixed=\"on\">Relat\u00f3rioGeral 2019_Livro Mensageiro_part15<\/a> <a href=\"https:\/\/batista-ma.org.br\/wp-content\/uploads\/2020\/02\/Relat\u00f3rioGeral-2019_Livro-Mensageiro_part16.pdf\" class=\"pdfemb-viewer\" style=\"\" data-width=\"max\" data-height=\"max\" data-toolbar=\"bottom\" data-toolbar-fixed=\"on\">Relat\u00f3rioGeral 2019_Livro Mensageiro_part16<\/a> <a href=\"https:\/\/batista-ma.org.br\/wp-content\/uploads\/2020\/02\/Relat\u00f3rioGeral-2019_Livro-Mensageiro_part17.pdf\" class=\"pdfemb-viewer\" style=\"\" data-width=\"max\" data-height=\"max\" data-toolbar=\"bottom\" data-toolbar-fixed=\"on\">Relat\u00f3rioGeral 2019_Livro Mensageiro_part17<\/a> <a href=\"https:\/\/batista-ma.org.br\/wp-content\/uploads\/2020\/02\/Relat\u00f3rioGeral-2019_Livro-Mensageiro_part18.pdf\" class=\"pdfemb-viewer\" style=\"\" data-width=\"max\" data-height=\"max\" data-toolbar=\"bottom\" data-toolbar-fixed=\"on\">Relat\u00f3rioGeral 2019_Livro Mensageiro_part18<\/a><a href=\"https:\/\/batista-ma.org.br\/wp-content\/uploads\/2020\/02\/Relat\u00f3rioGeral-2019_Livro-Mensageiro_part19.pdf\" class=\"pdfemb-viewer\" style=\"\" data-width=\"max\" data-height=\"max\" data-toolbar=\"bottom\" data-toolbar-fixed=\"on\">Relat\u00f3rioGeral 2019_Livro Mensageiro_part19<\/a><\/p>\n","protected":false},"excerpt":{"rendered":"Relat\u00f3rioGeral 2019_Livro Mensageiro_part1Relat\u00f3rioGeral 2019_Livro Mensageiro_part2Relat\u00f3rioGeral 2019_Livro Mensageiro_part3Relat\u00f3rioGeral 2019_Livro Mensageiro_part5 Relat\u00f3rioGeral 2019_Livro Mensageiro_part6 Relat\u00f3rioGeral 2019_Livro Mensageiro_part7 Relat\u00f3rioGeral 2019_Livro Mensageiro_part8 Relat\u00f3rioGeral 2019_Livro Mensageiro_part9 Relat\u00f3rioGeral 2019_Livro Mensageiro_part10 Relat\u00f3rioGeral 2019_Livro Mensageiro_part11 Relat\u00f3rioGeral 2019_Livro Mensageiro_part12 Relat\u00f3rioGeral 2019_Livro Mensageiro_part13 Relat\u00f3rioGeral 2019_Livro Mensageiro_part14 Relat\u00f3rioGeral 2019_Livro Mensageiro_part15 Relat\u00f3rioGeral 2019_Livro Mensageiro_part16 Relat\u00f3rioGeral 2019_Livro Mensageiro_part17 Relat\u00f3rioGeral 2019_Livro Mensageiro_part18Relat\u00f3rioGeral 2019_Livro Mensageiro_part19","protected":false},"author":2,"featured_media":0,"parent":0,"menu_order":0,"comment_status":"closed","ping_status":"closed","template":"","meta":{"_themeisle_gutenberg_block_has_review":false,"footnotes":""},"class_list":["post-2292","page","type-page","status-publish"],"_links":{"self":[{"href":"https:\/\/batista-ma.org.br\/index.php?rest_route=\/wp\/v2\/pages\/2292"}],"collection":[{"href":"https:\/\/batista-ma.org.br\/index.php?rest_route=\/wp\/v2\/pages"}],"about":[{"href":"https:\/\/batista-ma.org.br\/index.php?rest_route=\/wp\/v2\/types\/page"}],"author":[{"embeddable":true,"href":"https:\/\/batista-ma.org.br\/index.php?rest_route=\/wp\/v2\/users\/2"}],"replies":[{"embeddable":true,"href":"https:\/\/batista-ma.org.br\/index.php?rest_route=%2Fwp%2Fv2%2Fcomments&post=2292"}],"version-history":[{"count":7,"href":"https:\/\/batista-ma.org.br\/index.php?rest_route=\/wp\/v2\/pages\/2292\/revisions"}],"predecessor-version":[{"id":2325,"href":"https:\/\/batista-ma.org.br\/index.php?rest_route=\/wp\/v2\/pages\/2292\/revisions\/2325"}],"wp:attachment":[{"href":"https:\/\/batista-ma.org.br\/index.php?rest_route=%2Fwp%2Fv2%2Fmedia&parent=2292"}],"curies":[{"name":"wp","href":"https:\/\/api.w.org\/{rel}","templated":true}]}}